{"id":1614,"date":"2024-08-22T08:24:16","date_gmt":"2024-08-22T08:24:16","guid":{"rendered":"https:\/\/web.webio.vn\/29\/?page_id=1614"},"modified":"2024-10-27T08:58:27","modified_gmt":"2024-10-27T08:58:27","slug":"dich-vu","status":"publish","type":"page","link":"https:\/\/web.webio.vn\/29\/dich-vu\/","title":{"rendered":"D\u1ecbch v\u1ee5"},"content":{"rendered":"\t\t<div data-elementor-type=\"wp-page\" data-elementor-id=\"1614\" class=\"elementor elementor-1614\" data-elementor-post-type=\"page\">\n\t\t\t\t<div class=\"elementor-element elementor-element-f17c97a e-flex e-con-boxed e-con e-parent\" data-id=\"f17c97a\" data-element_type=\"container\" data-e-type=\"container\" data-settings=\"{&quot;background_background&quot;:&quot;classic&quot;}\">\n\t\t\t\t\t<div class=\"e-con-inner\">\n\t\t<div class=\"elementor-element elementor-element-de3db2b e-con-full e-flex e-con e-child\" data-id=\"de3db2b\" data-element_type=\"container\" data-e-type=\"container\">\n\t\t\t\t<div class=\"elementor-element elementor-element-7c9dd4a elementor-widget elementor-widget-heading\" data-id=\"7c9dd4a\" data-element_type=\"widget\" data-e-type=\"widget\" data-widget_type=\"heading.default\">\n\t\t\t\t<div class=\"elementor-widget-container\">\n\t\t\t\t\t<h1 class=\"elementor-heading-title elementor-size-default\">D\u1ecbch v\u1ee5<\/h1>\t\t\t\t<\/div>\n\t\t\t\t<\/div>\n\t\t\t\t<\/div>\n\t\t\t\t\t<\/div>\n\t\t\t\t<\/div>\n\t\t<div class=\"elementor-element elementor-element-50f91e1 e-flex e-con-boxed e-con e-parent\" data-id=\"50f91e1\" data-element_type=\"container\" data-e-type=\"container\" data-settings=\"{&quot;background_background&quot;:&quot;classic&quot;}\">\n\t\t\t\t\t<div class=\"e-con-inner\">\n\t\t<div class=\"elementor-element elementor-element-9103ee4 e-con-full e-flex e-con e-child\" data-id=\"9103ee4\" data-element_type=\"container\" data-e-type=\"container\">\n\t\t\t\t<div class=\"elementor-element elementor-element-8be83e9 elementor-widget elementor-widget-heading\" data-id=\"8be83e9\" data-element_type=\"widget\" data-e-type=\"widget\" data-widget_type=\"heading.default\">\n\t\t\t\t<div class=\"elementor-widget-container\">\n\t\t\t\t\t<h2 class=\"elementor-heading-title elementor-size-default\">L\u1eafp \u0111\u1eb7t thang m\u00e1y<\/h2>\t\t\t\t<\/div>\n\t\t\t\t<\/div>\n\t\t\t\t<div class=\"elementor-element elementor-element-680cf0e elementor-widget elementor-widget-text-editor\" data-id=\"680cf0e\" data-element_type=\"widget\" data-e-type=\"widget\" data-widget_type=\"text-editor.default\">\n\t\t\t\t<div class=\"elementor-widget-container\">\n\t\t\t\t\t\t\t\t\t<p>Taka Elevator l\u00e0 c\u00f4ng ty chuy\u00ean cung c\u1ea5p gi\u1ea3i ph\u00e1p thang m\u00e1y to\u00e0n di\u1ec7n, \u0111\u1eb7t tr\u1ee5 s\u1edf t\u1ea1i Th\u00e0nh ph\u1ed1 H\u1ed3 Ch\u00ed Minh. Ch\u00fang t\u00f4i t\u1ef1 h\u00e0o mang \u0111\u1ebfn cho kh\u00e1ch h\u00e0ng c\u00e1c s\u1ea3n ph\u1ea9m thang m\u00e1y hi\u1ec7n \u0111\u1ea1i, an to\u00e0n v\u00e0 \u0111\u1ea1t chu\u1ea9n qu\u1ed1c t\u1ebf, \u0111\u00e1p \u1ee9ng \u0111a d\u1ea1ng nhu c\u1ea7u t\u1eeb thang m\u00e1y gia \u0111\u00ecnh \u0111\u1ebfn thang m\u00e1y cho c\u00e1c t\u00f2a nh\u00e0 cao t\u1ea7ng v\u00e0 khu th\u01b0\u01a1ng m\u1ea1i.<\/p><p>V\u1edbi \u0111\u1ed9i ng\u0169 k\u1ef9 s\u01b0 v\u00e0 nh\u00e2n vi\u00ean c\u00f3 chuy\u00ean m\u00f4n cao, Taka Elevator cam k\u1ebft mang l\u1ea1i tr\u1ea3i nghi\u1ec7m d\u1ecbch v\u1ee5 t\u1ed1t nh\u1ea5t, t\u1eeb kh\u00e2u t\u01b0 v\u1ea5n thi\u1ebft k\u1ebf, l\u1eafp \u0111\u1eb7t \u0111\u1ebfn b\u1ea3o tr\u00ec. Ch\u00fang t\u00f4i kh\u00f4ng ng\u1eebng nghi\u00ean c\u1ee9u v\u00e0 c\u1eadp nh\u1eadt nh\u1eefng c\u00f4ng ngh\u1ec7 ti\u00ean ti\u1ebfn nh\u1ea5t \u0111\u1ec3 t\u1ed1i \u01b0u h\u00f3a hi\u1ec7u su\u1ea5t ho\u1ea1t \u0111\u1ed9ng v\u00e0 \u0111\u1ea3m b\u1ea3o an to\u00e0n tuy\u1ec7t \u0111\u1ed1i cho ng\u01b0\u1eddi s\u1eed d\u1ee5ng.<\/p>\t\t\t\t\t\t\t\t<\/div>\n\t\t\t\t<\/div>\n\t\t\t\t<div class=\"elementor-element elementor-element-e07c0ef elementor-widget elementor-widget-button\" data-id=\"e07c0ef\" data-element_type=\"widget\" data-e-type=\"widget\" data-widget_type=\"button.default\">\n\t\t\t\t<div class=\"elementor-widget-container\">\n\t\t\t\t\t\t\t\t\t<div class=\"elementor-button-wrapper\">\n\t\t\t\t\t<a class=\"elementor-button elementor-button-link elementor-size-sm\" href=\"#\">\n\t\t\t\t\t\t<span class=\"elementor-button-content-wrapper\">\n\t\t\t\t\t\t\t\t\t<span class=\"elementor-button-text\">Kh\u00e1m ph\u00e1 th\u00eam<\/span>\n\t\t\t\t\t<\/span>\n\t\t\t\t\t<\/a>\n\t\t\t\t<\/div>\n\t\t\t\t\t\t\t\t<\/div>\n\t\t\t\t<\/div>\n\t\t\t\t<\/div>\n\t\t<div class=\"elementor-element elementor-element-ad8b849 e-con-full e-flex e-con e-child\" data-id=\"ad8b849\" data-element_type=\"container\" data-e-type=\"container\">\n\t\t\t\t<div class=\"elementor-element elementor-element-cdad541 elementor-widget elementor-widget-image\" data-id=\"cdad541\" data-element_type=\"widget\" data-e-type=\"widget\" data-widget_type=\"image.default\">\n\t\t\t\t<div class=\"elementor-widget-container\">\n\t\t\t\t\t\t\t\t\t\t\t\t\t\t\t<img fetchpriority=\"high\" decoding=\"async\" width=\"1024\" height=\"768\" src=\"https:\/\/web.webio.vn\/29\/wp-content\/uploads\/sites\/29\/2024\/10\/img-5-1024x768.jpg\" class=\"attachment-large size-large wp-image-1791\" alt=\"\" srcset=\"https:\/\/web.webio.vn\/29\/wp-content\/uploads\/sites\/29\/2024\/10\/img-5-1024x768.jpg 1024w, https:\/\/web.webio.vn\/29\/wp-content\/uploads\/sites\/29\/2024\/10\/img-5-300x225.jpg 300w, https:\/\/web.webio.vn\/29\/wp-content\/uploads\/sites\/29\/2024\/10\/img-5-768x576.jpg 768w, https:\/\/web.webio.vn\/29\/wp-content\/uploads\/sites\/29\/2024\/10\/img-5-1536x1152.jpg 1536w, https:\/\/web.webio.vn\/29\/wp-content\/uploads\/sites\/29\/2024\/10\/img-5-400x300.jpg 400w, https:\/\/web.webio.vn\/29\/wp-content\/uploads\/sites\/29\/2024\/10\/img-5.jpg 1600w\" sizes=\"(max-width: 1024px) 100vw, 1024px\" \/>\t\t\t\t\t\t\t\t\t\t\t\t\t\t\t<\/div>\n\t\t\t\t<\/div>\n\t\t\t\t<\/div>\n\t\t\t\t\t<\/div>\n\t\t\t\t<\/div>\n\t\t<div class=\"elementor-element elementor-element-b575905 e-flex e-con-boxed e-con e-parent\" data-id=\"b575905\" data-element_type=\"container\" data-e-type=\"container\" data-settings=\"{&quot;background_background&quot;:&quot;classic&quot;}\">\n\t\t\t\t\t<div class=\"e-con-inner\">\n\t\t<div class=\"elementor-element elementor-element-9c91328 e-con-full e-flex e-con e-child\" data-id=\"9c91328\" data-element_type=\"container\" data-e-type=\"container\">\n\t\t\t\t<div class=\"elementor-element elementor-element-76e828b elementor-widget elementor-widget-heading\" data-id=\"76e828b\" data-element_type=\"widget\" data-e-type=\"widget\" data-widget_type=\"heading.default\">\n\t\t\t\t<div class=\"elementor-widget-container\">\n\t\t\t\t\t<h2 class=\"elementor-heading-title elementor-size-default\">B\u1ea3o tr\u00ec thang m\u00e1y<\/h2>\t\t\t\t<\/div>\n\t\t\t\t<\/div>\n\t\t\t\t<div class=\"elementor-element elementor-element-eb38a40 elementor-widget elementor-widget-text-editor\" data-id=\"eb38a40\" data-element_type=\"widget\" data-e-type=\"widget\" data-widget_type=\"text-editor.default\">\n\t\t\t\t<div class=\"elementor-widget-container\">\n\t\t\t\t\t\t\t\t\t<p>Taka Elevator l\u00e0 c\u00f4ng ty chuy\u00ean cung c\u1ea5p gi\u1ea3i ph\u00e1p thang m\u00e1y to\u00e0n di\u1ec7n, \u0111\u1eb7t tr\u1ee5 s\u1edf t\u1ea1i Th\u00e0nh ph\u1ed1 H\u1ed3 Ch\u00ed Minh. Ch\u00fang t\u00f4i t\u1ef1 h\u00e0o mang \u0111\u1ebfn cho kh\u00e1ch h\u00e0ng c\u00e1c s\u1ea3n ph\u1ea9m thang m\u00e1y hi\u1ec7n \u0111\u1ea1i, an to\u00e0n v\u00e0 \u0111\u1ea1t chu\u1ea9n qu\u1ed1c t\u1ebf, \u0111\u00e1p \u1ee9ng \u0111a d\u1ea1ng nhu c\u1ea7u t\u1eeb thang m\u00e1y gia \u0111\u00ecnh \u0111\u1ebfn thang m\u00e1y cho c\u00e1c t\u00f2a nh\u00e0 cao t\u1ea7ng v\u00e0 khu th\u01b0\u01a1ng m\u1ea1i.<\/p><p>V\u1edbi \u0111\u1ed9i ng\u0169 k\u1ef9 s\u01b0 v\u00e0 nh\u00e2n vi\u00ean c\u00f3 chuy\u00ean m\u00f4n cao, Taka Elevator cam k\u1ebft mang l\u1ea1i tr\u1ea3i nghi\u1ec7m d\u1ecbch v\u1ee5 t\u1ed1t nh\u1ea5t, t\u1eeb kh\u00e2u t\u01b0 v\u1ea5n thi\u1ebft k\u1ebf, l\u1eafp \u0111\u1eb7t \u0111\u1ebfn b\u1ea3o tr\u00ec. Ch\u00fang t\u00f4i kh\u00f4ng ng\u1eebng nghi\u00ean c\u1ee9u v\u00e0 c\u1eadp nh\u1eadt nh\u1eefng c\u00f4ng ngh\u1ec7 ti\u00ean ti\u1ebfn nh\u1ea5t \u0111\u1ec3 t\u1ed1i \u01b0u h\u00f3a hi\u1ec7u su\u1ea5t ho\u1ea1t \u0111\u1ed9ng v\u00e0 \u0111\u1ea3m b\u1ea3o an to\u00e0n tuy\u1ec7t \u0111\u1ed1i cho ng\u01b0\u1eddi s\u1eed d\u1ee5ng.<\/p>\t\t\t\t\t\t\t\t<\/div>\n\t\t\t\t<\/div>\n\t\t\t\t<div class=\"elementor-element elementor-element-fac098c elementor-widget elementor-widget-button\" data-id=\"fac098c\" data-element_type=\"widget\" data-e-type=\"widget\" data-widget_type=\"button.default\">\n\t\t\t\t<div class=\"elementor-widget-container\">\n\t\t\t\t\t\t\t\t\t<div class=\"elementor-button-wrapper\">\n\t\t\t\t\t<a class=\"elementor-button elementor-button-link elementor-size-sm\" href=\"#\">\n\t\t\t\t\t\t<span class=\"elementor-button-content-wrapper\">\n\t\t\t\t\t\t\t\t\t<span class=\"elementor-button-text\">Kh\u00e1m ph\u00e1 th\u00eam<\/span>\n\t\t\t\t\t<\/span>\n\t\t\t\t\t<\/a>\n\t\t\t\t<\/div>\n\t\t\t\t\t\t\t\t<\/div>\n\t\t\t\t<\/div>\n\t\t\t\t<\/div>\n\t\t<div class=\"elementor-element elementor-element-8253f52 e-con-full e-flex e-con e-child\" data-id=\"8253f52\" data-element_type=\"container\" data-e-type=\"container\">\n\t\t\t\t<div class=\"elementor-element elementor-element-270714b elementor-widget elementor-widget-image\" data-id=\"270714b\" data-element_type=\"widget\" data-e-type=\"widget\" data-widget_type=\"image.default\">\n\t\t\t\t<div class=\"elementor-widget-container\">\n\t\t\t\t\t\t\t\t\t\t\t\t\t\t\t<img fetchpriority=\"high\" decoding=\"async\" width=\"1024\" height=\"768\" src=\"https:\/\/web.webio.vn\/29\/wp-content\/uploads\/sites\/29\/2024\/10\/img-5-1024x768.jpg\" class=\"attachment-large size-large wp-image-1791\" alt=\"\" srcset=\"https:\/\/web.webio.vn\/29\/wp-content\/uploads\/sites\/29\/2024\/10\/img-5-1024x768.jpg 1024w, https:\/\/web.webio.vn\/29\/wp-content\/uploads\/sites\/29\/2024\/10\/img-5-300x225.jpg 300w, https:\/\/web.webio.vn\/29\/wp-content\/uploads\/sites\/29\/2024\/10\/img-5-768x576.jpg 768w, https:\/\/web.webio.vn\/29\/wp-content\/uploads\/sites\/29\/2024\/10\/img-5-1536x1152.jpg 1536w, https:\/\/web.webio.vn\/29\/wp-content\/uploads\/sites\/29\/2024\/10\/img-5-400x300.jpg 400w, https:\/\/web.webio.vn\/29\/wp-content\/uploads\/sites\/29\/2024\/10\/img-5.jpg 1600w\" sizes=\"(max-width: 1024px) 100vw, 1024px\" \/>\t\t\t\t\t\t\t\t\t\t\t\t\t\t\t<\/div>\n\t\t\t\t<\/div>\n\t\t\t\t<\/div>\n\t\t\t\t\t<\/div>\n\t\t\t\t<\/div>\n\t\t<div class=\"elementor-element elementor-element-59494c6 e-flex e-con-boxed e-con e-parent\" data-id=\"59494c6\" data-element_type=\"container\" data-e-type=\"container\" data-settings=\"{&quot;background_background&quot;:&quot;classic&quot;}\">\n\t\t\t\t\t<div class=\"e-con-inner\">\n\t\t<div class=\"elementor-element elementor-element-4c1d853 e-con-full e-flex e-con e-child\" data-id=\"4c1d853\" data-element_type=\"container\" data-e-type=\"container\">\n\t\t\t\t<div class=\"elementor-element elementor-element-37935c4 elementor-widget elementor-widget-heading\" data-id=\"37935c4\" data-element_type=\"widget\" data-e-type=\"widget\" data-widget_type=\"heading.default\">\n\t\t\t\t<div class=\"elementor-widget-container\">\n\t\t\t\t\t<h2 class=\"elementor-heading-title elementor-size-default\">S\u1eeda ch\u1eefa thang m\u00e1y<\/h2>\t\t\t\t<\/div>\n\t\t\t\t<\/div>\n\t\t\t\t<div class=\"elementor-element elementor-element-d2e4375 elementor-widget elementor-widget-text-editor\" data-id=\"d2e4375\" data-element_type=\"widget\" data-e-type=\"widget\" data-widget_type=\"text-editor.default\">\n\t\t\t\t<div class=\"elementor-widget-container\">\n\t\t\t\t\t\t\t\t\t<p>Taka Elevator l\u00e0 c\u00f4ng ty chuy\u00ean cung c\u1ea5p gi\u1ea3i ph\u00e1p thang m\u00e1y to\u00e0n di\u1ec7n, \u0111\u1eb7t tr\u1ee5 s\u1edf t\u1ea1i Th\u00e0nh ph\u1ed1 H\u1ed3 Ch\u00ed Minh. Ch\u00fang t\u00f4i t\u1ef1 h\u00e0o mang \u0111\u1ebfn cho kh\u00e1ch h\u00e0ng c\u00e1c s\u1ea3n ph\u1ea9m thang m\u00e1y hi\u1ec7n \u0111\u1ea1i, an to\u00e0n v\u00e0 \u0111\u1ea1t chu\u1ea9n qu\u1ed1c t\u1ebf, \u0111\u00e1p \u1ee9ng \u0111a d\u1ea1ng nhu c\u1ea7u t\u1eeb thang m\u00e1y gia \u0111\u00ecnh \u0111\u1ebfn thang m\u00e1y cho c\u00e1c t\u00f2a nh\u00e0 cao t\u1ea7ng v\u00e0 khu th\u01b0\u01a1ng m\u1ea1i.<\/p><p>V\u1edbi \u0111\u1ed9i ng\u0169 k\u1ef9 s\u01b0 v\u00e0 nh\u00e2n vi\u00ean c\u00f3 chuy\u00ean m\u00f4n cao, Taka Elevator cam k\u1ebft mang l\u1ea1i tr\u1ea3i nghi\u1ec7m d\u1ecbch v\u1ee5 t\u1ed1t nh\u1ea5t, t\u1eeb kh\u00e2u t\u01b0 v\u1ea5n thi\u1ebft k\u1ebf, l\u1eafp \u0111\u1eb7t \u0111\u1ebfn b\u1ea3o tr\u00ec. Ch\u00fang t\u00f4i kh\u00f4ng ng\u1eebng nghi\u00ean c\u1ee9u v\u00e0 c\u1eadp nh\u1eadt nh\u1eefng c\u00f4ng ngh\u1ec7 ti\u00ean ti\u1ebfn nh\u1ea5t \u0111\u1ec3 t\u1ed1i \u01b0u h\u00f3a hi\u1ec7u su\u1ea5t ho\u1ea1t \u0111\u1ed9ng v\u00e0 \u0111\u1ea3m b\u1ea3o an to\u00e0n tuy\u1ec7t \u0111\u1ed1i cho ng\u01b0\u1eddi s\u1eed d\u1ee5ng.<\/p>\t\t\t\t\t\t\t\t<\/div>\n\t\t\t\t<\/div>\n\t\t\t\t<div class=\"elementor-element elementor-element-7404f52 elementor-widget elementor-widget-button\" data-id=\"7404f52\" data-element_type=\"widget\" data-e-type=\"widget\" data-widget_type=\"button.default\">\n\t\t\t\t<div class=\"elementor-widget-container\">\n\t\t\t\t\t\t\t\t\t<div class=\"elementor-button-wrapper\">\n\t\t\t\t\t<a class=\"elementor-button elementor-button-link elementor-size-sm\" href=\"#\">\n\t\t\t\t\t\t<span class=\"elementor-button-content-wrapper\">\n\t\t\t\t\t\t\t\t\t<span class=\"elementor-button-text\">Kh\u00e1m ph\u00e1 th\u00eam<\/span>\n\t\t\t\t\t<\/span>\n\t\t\t\t\t<\/a>\n\t\t\t\t<\/div>\n\t\t\t\t\t\t\t\t<\/div>\n\t\t\t\t<\/div>\n\t\t\t\t<\/div>\n\t\t<div class=\"elementor-element elementor-element-7fd9f7b e-con-full e-flex e-con e-child\" data-id=\"7fd9f7b\" data-element_type=\"container\" data-e-type=\"container\">\n\t\t\t\t<div class=\"elementor-element elementor-element-f6d1abf elementor-widget elementor-widget-image\" data-id=\"f6d1abf\" data-element_type=\"widget\" data-e-type=\"widget\" data-widget_type=\"image.default\">\n\t\t\t\t<div class=\"elementor-widget-container\">\n\t\t\t\t\t\t\t\t\t\t\t\t\t\t\t<img fetchpriority=\"high\" decoding=\"async\" width=\"1024\" height=\"768\" src=\"https:\/\/web.webio.vn\/29\/wp-content\/uploads\/sites\/29\/2024\/10\/img-5-1024x768.jpg\" class=\"attachment-large size-large wp-image-1791\" alt=\"\" srcset=\"https:\/\/web.webio.vn\/29\/wp-content\/uploads\/sites\/29\/2024\/10\/img-5-1024x768.jpg 1024w, https:\/\/web.webio.vn\/29\/wp-content\/uploads\/sites\/29\/2024\/10\/img-5-300x225.jpg 300w, https:\/\/web.webio.vn\/29\/wp-content\/uploads\/sites\/29\/2024\/10\/img-5-768x576.jpg 768w, https:\/\/web.webio.vn\/29\/wp-content\/uploads\/sites\/29\/2024\/10\/img-5-1536x1152.jpg 1536w, https:\/\/web.webio.vn\/29\/wp-content\/uploads\/sites\/29\/2024\/10\/img-5-400x300.jpg 400w, https:\/\/web.webio.vn\/29\/wp-content\/uploads\/sites\/29\/2024\/10\/img-5.jpg 1600w\" sizes=\"(max-width: 1024px) 100vw, 1024px\" \/>\t\t\t\t\t\t\t\t\t\t\t\t\t\t\t<\/div>\n\t\t\t\t<\/div>\n\t\t\t\t<\/div>\n\t\t\t\t\t<\/div>\n\t\t\t\t<\/div>\n\t\t<div class=\"elementor-element elementor-element-edb6807 e-flex e-con-boxed e-con e-parent\" data-id=\"edb6807\" data-element_type=\"container\" data-e-type=\"container\" data-settings=\"{&quot;background_background&quot;:&quot;classic&quot;}\">\n\t\t\t\t\t<div class=\"e-con-inner\">\n\t\t<div class=\"elementor-element elementor-element-c5c9ccf e-con-full e-flex e-con e-child\" data-id=\"c5c9ccf\" data-element_type=\"container\" data-e-type=\"container\">\n\t\t\t\t<div class=\"elementor-element elementor-element-bfa1012 elementor-widget elementor-widget-heading\" data-id=\"bfa1012\" data-element_type=\"widget\" data-e-type=\"widget\" data-widget_type=\"heading.default\">\n\t\t\t\t<div class=\"elementor-widget-container\">\n\t\t\t\t\t<h3 class=\"elementor-heading-title elementor-size-default\">N\u1ebfu b\u1ea1n c\u1ea7n t\u01b0 v\u1ea5n, h\u00e3y li\u00ean h\u1ec7 ngay Taka<\/h3>\t\t\t\t<\/div>\n\t\t\t\t<\/div>\n\t\t\t\t<\/div>\n\t\t<div class=\"elementor-element elementor-element-3caf1a8 e-con-full e-flex e-con e-child\" data-id=\"3caf1a8\" data-element_type=\"container\" data-e-type=\"container\">\n\t\t\t\t<div class=\"elementor-element elementor-element-8ffd001 elementor-align-right elementor-mobile-align-center elementor-widget elementor-widget-button\" data-id=\"8ffd001\" data-element_type=\"widget\" data-e-type=\"widget\" data-widget_type=\"button.default\">\n\t\t\t\t<div class=\"elementor-widget-container\">\n\t\t\t\t\t\t\t\t\t<div class=\"elementor-button-wrapper\">\n\t\t\t\t\t<a class=\"elementor-button elementor-button-link elementor-size-sm\" href=\"#\">\n\t\t\t\t\t\t<span class=\"elementor-button-content-wrapper\">\n\t\t\t\t\t\t\t\t\t<span class=\"elementor-button-text\">Li\u00ean h\u1ec7<\/span>\n\t\t\t\t\t<\/span>\n\t\t\t\t\t<\/a>\n\t\t\t\t<\/div>\n\t\t\t\t\t\t\t\t<\/div>\n\t\t\t\t<\/div>\n\t\t\t\t<\/div>\n\t\t\t\t\t<\/div>\n\t\t\t\t<\/div>\n\t\t\t\t<\/div>\n\t\t","protected":false},"excerpt":{"rendered":"<p>L\u1eafp \u0111\u1eb7t thang m\u00e1y Taka Elevator l\u00e0 c\u00f4ng ty chuy\u00ean cung c\u1ea5p gi\u1ea3i ph\u00e1p thang m\u00e1y to\u00e0n di\u1ec7n, \u0111\u1eb7t tr\u1ee5 s\u1edf t\u1ea1i Th\u00e0nh ph\u1ed1 H\u1ed3 Ch\u00ed Minh. Ch\u00fang t\u00f4i t\u1ef1 h\u00e0o mang \u0111\u1ebfn cho kh\u00e1ch h\u00e0ng c\u00e1c s\u1ea3n ph\u1ea9m thang m\u00e1y hi\u1ec7n \u0111\u1ea1i, an to\u00e0n v\u00e0 \u0111\u1ea1t chu\u1ea9n qu\u1ed1c t\u1ebf, \u0111\u00e1p \u1ee9ng \u0111a d\u1ea1ng nhu [&hellip;]<\/p>\n","protected":false},"author":1,"featured_media":0,"parent":0,"menu_order":0,"comment_status":"closed","ping_status":"closed","template":"","meta":{"site-sidebar-layout":"no-sidebar","site-content-layout":"page-builder","ast-site-content-layout":"full-width-container","site-content-style":"unboxed","site-sidebar-style":"default","ast-global-header-display":"","ast-banner-title-visibility":"","ast-main-header-display":"","ast-hfb-above-header-display":"","ast-hfb-below-header-display":"","ast-hfb-mobile-header-display":"","site-post-title":"disabled","ast-breadcrumbs-content":"","ast-featured-img":"disabled","footer-sml-layout":"","ast-disable-related-posts":"","theme-transparent-header-meta":"","adv-header-id-meta":"","stick-header-meta":"","header-above-stick-meta":"","header-main-stick-meta":"","header-below-stick-meta":"","astra-migrate-meta-layouts":"set","ast-page-background-enabled":"default","ast-page-background-meta":{"desktop":{"background-color":"","background-image":"","background-repeat":"repeat","background-position":"center center","background-size":"auto","background-attachment":"scroll","background-type":"","background-media":"","overlay-type":"","overlay-color":"","overlay-opacity":"","overlay-gradient":""},"tablet":{"background-color":"","background-image":"","background-repeat":"repeat","background-position":"center center","background-size":"auto","background-attachment":"scroll","background-type":"","background-media":"","overlay-type":"","overlay-color":"","overlay-opacity":"","overlay-gradient":""},"mobile":{"background-color":"","background-image":"","background-repeat":"repeat","background-position":"center center","background-size":"auto","background-attachment":"scroll","background-type":"","background-media":"","overlay-type":"","overlay-color":"","overlay-opacity":"","overlay-gradient":""}},"ast-content-background-meta":{"desktop":{"background-color":"var(--ast-global-color-5)","background-image":"","background-repeat":"repeat","background-position":"center center","background-size":"auto","background-attachment":"scroll","background-type":"","background-media":"","overlay-type":"","overlay-color":"","overlay-opacity":"","overlay-gradient":""},"tablet":{"background-color":"var(--ast-global-color-5)","background-image":"","background-repeat":"repeat","background-position":"center center","background-size":"auto","background-attachment":"scroll","background-type":"","background-media":"","overlay-type":"","overlay-color":"","overlay-opacity":"","overlay-gradient":""},"mobile":{"background-color":"var(--ast-global-color-5)","background-image":"","background-repeat":"repeat","background-position":"center center","background-size":"auto","background-attachment":"scroll","background-type":"","background-media":"","overlay-type":"","overlay-color":"","overlay-opacity":"","overlay-gradient":""}},"footnotes":""},"class_list":["post-1614","page","type-page","status-publish","hentry"],"_links":{"self":[{"href":"https:\/\/web.webio.vn\/29\/wp-json\/wp\/v2\/pages\/1614","targetHints":{"allow":["GET"]}}],"collection":[{"href":"https:\/\/web.webio.vn\/29\/wp-json\/wp\/v2\/pages"}],"about":[{"href":"https:\/\/web.webio.vn\/29\/wp-json\/wp\/v2\/types\/page"}],"author":[{"embeddable":true,"href":"https:\/\/web.webio.vn\/29\/wp-json\/wp\/v2\/users\/1"}],"replies":[{"embeddable":true,"href":"https:\/\/web.webio.vn\/29\/wp-json\/wp\/v2\/comments?post=1614"}],"version-history":[{"count":10,"href":"https:\/\/web.webio.vn\/29\/wp-json\/wp\/v2\/pages\/1614\/revisions"}],"predecessor-version":[{"id":1998,"href":"https:\/\/web.webio.vn\/29\/wp-json\/wp\/v2\/pages\/1614\/revisions\/1998"}],"wp:attachment":[{"href":"https:\/\/web.webio.vn\/29\/wp-json\/wp\/v2\/media?parent=1614"}],"curies":[{"name":"wp","href":"https:\/\/api.w.org\/{rel}","templated":true}]}}