{"id":1694,"date":"2024-10-24T12:37:46","date_gmt":"2024-10-24T12:37:46","guid":{"rendered":"https:\/\/web.webio.vn\/29\/?page_id=1694"},"modified":"2024-10-27T09:32:28","modified_gmt":"2024-10-27T09:32:28","slug":"dang-kinh-phang","status":"publish","type":"page","link":"https:\/\/web.webio.vn\/29\/thang-may-quan-sat\/dang-kinh-phang\/","title":{"rendered":"D\u1ea1ng k\u00ednh ph\u1eb3ng"},"content":{"rendered":"\t\t<div data-elementor-type=\"wp-page\" data-elementor-id=\"1694\" class=\"elementor elementor-1694\" data-elementor-post-type=\"page\">\n\t\t\t\t<div class=\"elementor-element elementor-element-c01afb4 e-flex e-con-boxed e-con e-parent\" data-id=\"c01afb4\" data-element_type=\"container\" data-e-type=\"container\" data-settings=\"{&quot;background_background&quot;:&quot;classic&quot;}\">\n\t\t\t\t\t<div class=\"e-con-inner\">\n\t\t<div class=\"elementor-element elementor-element-31d392f e-con-full e-flex e-con e-child\" data-id=\"31d392f\" data-element_type=\"container\" data-e-type=\"container\">\n\t\t\t\t<div class=\"elementor-element elementor-element-960bcac elementor-widget elementor-widget-heading\" data-id=\"960bcac\" data-element_type=\"widget\" data-e-type=\"widget\" data-widget_type=\"heading.default\">\n\t\t\t\t<div class=\"elementor-widget-container\">\n\t\t\t\t\t<h1 class=\"elementor-heading-title elementor-size-default\">D\u1ea1ng k\u00ednh ph\u1eb3ng<\/h1>\t\t\t\t<\/div>\n\t\t\t\t<\/div>\n\t\t\t\t<\/div>\n\t\t\t\t\t<\/div>\n\t\t\t\t<\/div>\n\t\t<div class=\"elementor-element elementor-element-e6f0561 e-flex e-con-boxed e-con e-parent\" data-id=\"e6f0561\" data-element_type=\"container\" data-e-type=\"container\">\n\t\t\t\t\t<div class=\"e-con-inner\">\n\t\t<div class=\"elementor-element elementor-element-b8834c4 e-con-full e-flex e-con e-child\" data-id=\"b8834c4\" data-element_type=\"container\" data-e-type=\"container\">\n\t\t\t\t<div class=\"elementor-element elementor-element-b7060c1 elementor-widget elementor-widget-heading\" data-id=\"b7060c1\" data-element_type=\"widget\" data-e-type=\"widget\" data-widget_type=\"heading.default\">\n\t\t\t\t<div class=\"elementor-widget-container\">\n\t\t\t\t\t<h2 class=\"elementor-heading-title elementor-size-default\">M\u00f4 t\u1ea3<\/h2>\t\t\t\t<\/div>\n\t\t\t\t<\/div>\n\t\t\t\t<div class=\"elementor-element elementor-element-aebf1c5 elementor-widget elementor-widget-text-editor\" data-id=\"aebf1c5\" data-element_type=\"widget\" data-e-type=\"widget\" data-widget_type=\"text-editor.default\">\n\t\t\t\t<div class=\"elementor-widget-container\">\n\t\t\t\t\t\t\t\t\t<p>S\u1ea3n ph\u1ea9m thang m\u00e1y c\u1ee7a Taka Elevator \u0111\u01b0\u1ee3c thi\u1ebft k\u1ebf v\u1edbi ti\u00eau chu\u1ea9n k\u1ef9 thu\u1eadt cao, \u0111\u00e1p \u1ee9ng c\u00e1c y\u00eau c\u1ea7u kh\u1eaft khe v\u1ec1 an to\u00e0n v\u00e0 hi\u1ec7u su\u1ea5t. Taka cung c\u1ea5p \u0111a d\u1ea1ng c\u00e1c d\u00f2ng thang m\u00e1y, bao g\u1ed3m thang m\u00e1y gia \u0111\u00ecnh, thang m\u00e1y t\u1ea3i kh\u00e1ch, thang m\u00e1y t\u1ea3i h\u00e0ng, v\u00e0 thang m\u00e1y cho c\u00e1c c\u00f4ng tr\u00ecnh th\u01b0\u01a1ng m\u1ea1i, ph\u00f9 h\u1ee3p v\u1edbi nhi\u1ec1u lo\u1ea1i h\u00ecnh kh\u00f4ng gian v\u00e0 nhu c\u1ea7u s\u1eed d\u1ee5ng.<\/p><p>V\u1edbi c\u00f4ng ngh\u1ec7 ti\u00ean ti\u1ebfn, thang m\u00e1y Taka \u0111\u01b0\u1ee3c t\u00edch h\u1ee3p c\u00e1c t\u00ednh n\u0103ng th\u00f4ng minh nh\u01b0 v\u1eadn h\u00e0nh \u00eam \u00e1i, ti\u1ebft ki\u1ec7m n\u0103ng l\u01b0\u1ee3ng v\u00e0 b\u1ea3o v\u1ec7 m\u00f4i tr\u01b0\u1eddng. Ch\u00fang t\u00f4i ch\u00fa tr\u1ecdng \u0111\u1ebfn t\u1eebng chi ti\u1ebft, t\u1eeb thi\u1ebft k\u1ebf n\u1ed9i th\u1ea5t tinh t\u1ebf \u0111\u1ebfn h\u1ec7 th\u1ed1ng \u0111i\u1ec1u khi\u1ec3n th\u00f4ng minh, nh\u1eb1m mang l\u1ea1i s\u1ef1 tho\u1ea3i m\u00e1i v\u00e0 an to\u00e0n tuy\u1ec7t \u0111\u1ed1i cho ng\u01b0\u1eddi s\u1eed d\u1ee5ng.<\/p><p>Taka Elevator cam k\u1ebft \u0111em \u0111\u1ebfn s\u1ea3n ph\u1ea9m ch\u1ea5t l\u01b0\u1ee3ng cao, b\u1ec1n b\u1ec9 theo th\u1eddi gian v\u00e0 \u0111\u01b0\u1ee3c b\u1ea3o tr\u00ec \u0111\u1ecbnh k\u1ef3, \u0111\u1ec3 m\u1ed7i chuy\u1ebfn \u0111i c\u1ee7a b\u1ea1n tr\u1edf n\u00ean an t\u00e2m v\u00e0 d\u1ec5 d\u00e0ng h\u01a1n bao gi\u1edd h\u1ebft.<\/p>\t\t\t\t\t\t\t\t<\/div>\n\t\t\t\t<\/div>\n\t\t\t\t<div class=\"elementor-element elementor-element-2f84487 elementor-widget elementor-widget-heading\" data-id=\"2f84487\" data-element_type=\"widget\" data-e-type=\"widget\" data-widget_type=\"heading.default\">\n\t\t\t\t<div class=\"elementor-widget-container\">\n\t\t\t\t\t<h2 class=\"elementor-heading-title elementor-size-default\">Th\u00f4ng s\u1ed1 k\u1ef9 thu\u1eadt<\/h2>\t\t\t\t<\/div>\n\t\t\t\t<\/div>\n\t\t\t\t<div class=\"elementor-element elementor-element-0d38ccf elementor-widget elementor-widget-text-editor\" data-id=\"0d38ccf\" data-element_type=\"widget\" data-e-type=\"widget\" data-widget_type=\"text-editor.default\">\n\t\t\t\t<div class=\"elementor-widget-container\">\n\t\t\t\t\t\t\t\t\t<ul><li>T\u1ea3i tr\u1ecdng: 250 &#8211; 450 kg<\/li><li>T\u1ed1c \u0111\u1ed9 thang m\u00e1y gia \u0111\u00ecnh: 0.3 &#8211; 1.0 m\/s<\/li><li>S\u1ed1 t\u1ea7ng ph\u1ee5c v\u1ee5: T\u1eeb 3 \u0111\u1ebfn 30 t\u1ea7ng t\u00f9y v\u00e0o d\u00f2ng thang m\u00e1y v\u00e0 nhu c\u1ea7u c\u1ee7a c\u00f4ng tr\u00ecnh.<\/li><li>Lo\u1ea1i \u0111\u1ed9ng c\u01a1: \u0110\u1ed9ng c\u01a1 kh\u00f4ng h\u1ed9p s\u1ed1 (Gearless): Ti\u1ebft ki\u1ec7m n\u0103ng l\u01b0\u1ee3ng, v\u1eadn h\u00e0nh \u00eam \u00e1i, ph\u00f9 h\u1ee3p cho c\u00e1c t\u00f2a nh\u00e0 cao t\u1ea7ng<\/li><li>Ngu\u1ed3n \u0111i\u1ec7n: 220V ho\u1eb7c 380V, t\u00f9y thu\u1ed9c v\u00e0o c\u00f4ng su\u1ea5t v\u00e0 d\u00f2ng thang m\u00e1y.<\/li><li>Ti\u00eau th\u1ee5 \u0111i\u1ec7n: T\u1ed1i \u01b0u h\u00f3a n\u0103ng l\u01b0\u1ee3ng v\u1edbi h\u1ec7 th\u1ed1ng inverter.<\/li><li>K\u00edch th\u01b0\u1edbc cabin: 1000 x 1000 mm&#8230;.<\/li><\/ul>\t\t\t\t\t\t\t\t<\/div>\n\t\t\t\t<\/div>\n\t\t\t\t<div class=\"elementor-element elementor-element-f6af60f elementor-widget elementor-widget-heading\" data-id=\"f6af60f\" data-element_type=\"widget\" data-e-type=\"widget\" data-widget_type=\"heading.default\">\n\t\t\t\t<div class=\"elementor-widget-container\">\n\t\t\t\t\t<h2 class=\"elementor-heading-title elementor-size-default\">Thi\u1ebft k\u1ebf<\/h2>\t\t\t\t<\/div>\n\t\t\t\t<\/div>\n\t\t\t\t<div class=\"elementor-element elementor-element-93c400d elementor-widget elementor-widget-text-editor\" data-id=\"93c400d\" data-element_type=\"widget\" data-e-type=\"widget\" data-widget_type=\"text-editor.default\">\n\t\t\t\t<div class=\"elementor-widget-container\">\n\t\t\t\t\t\t\t\t\t<p>Th\u00eam m\u1ed9t \u0111o\u1ea1n v\u0103n b\u1ea3n \u1edf \u0111\u00e2y. Nh\u1ea5p v\u00e0o \u00f4 v\u0103n b\u1ea3n \u0111\u1ec3 t\u00f9y ch\u1ec9nh n\u1ed9i dung, phong c\u00e1ch ph\u00f4ng ch\u1eef v\u00e0 m\u00e0u s\u1eafc c\u1ee7a \u0111o\u1ea1n v\u0103n c\u1ee7a b\u1ea1n.<\/p>\t\t\t\t\t\t\t\t<\/div>\n\t\t\t\t<\/div>\n\t\t\t\t<\/div>\n\t\t<div class=\"elementor-element elementor-element-15136ff e-con-full e-flex e-con e-child\" data-id=\"15136ff\" data-element_type=\"container\" data-e-type=\"container\">\n\t\t<div class=\"elementor-element elementor-element-3b2f67e e-con-full e-flex e-con e-child\" data-id=\"3b2f67e\" data-element_type=\"container\" data-e-type=\"container\" data-settings=\"{&quot;background_background&quot;:&quot;classic&quot;}\">\n\t\t\t\t<div class=\"elementor-element elementor-element-1d5f477 elementor-widget elementor-widget-heading\" data-id=\"1d5f477\" data-element_type=\"widget\" data-e-type=\"widget\" data-widget_type=\"heading.default\">\n\t\t\t\t<div class=\"elementor-widget-container\">\n\t\t\t\t\t<h2 class=\"elementor-heading-title elementor-size-default\">S\u1ea3n ph\u1ea9m<\/h2>\t\t\t\t<\/div>\n\t\t\t\t<\/div>\n\t\t\t\t<div class=\"elementor-element elementor-element-f3fa28d elementor-icon-list--layout-traditional elementor-list-item-link-full_width elementor-widget elementor-widget-icon-list\" data-id=\"f3fa28d\" data-element_type=\"widget\" data-e-type=\"widget\" data-widget_type=\"icon-list.default\">\n\t\t\t\t<div class=\"elementor-widget-container\">\n\t\t\t\t\t\t\t<ul class=\"elementor-icon-list-items\">\n\t\t\t\t\t\t\t<li class=\"elementor-icon-list-item\">\n\t\t\t\t\t\t\t\t\t\t\t<span class=\"elementor-icon-list-icon\">\n\t\t\t\t\t\t\t<svg aria-hidden=\"true\" class=\"e-font-icon-svg e-fab-elementor\" viewBox=\"0 0 448 512\" xmlns=\"http:\/\/www.w3.org\/2000\/svg\"><path d=\"M425.6 32H22.4C10 32 0 42 0 54.4v403.2C0 470 10 480 22.4 480h403.2c12.4 0 22.4-10 22.4-22.4V54.4C448 42 438 32 425.6 32M164.3 355.5h-39.8v-199h39.8v199zm159.3 0H204.1v-39.8h119.5v39.8zm0-79.6H204.1v-39.8h119.5v39.8zm0-79.7H204.1v-39.8h119.5v39.8z\"><\/path><\/svg>\t\t\t\t\t\t<\/span>\n\t\t\t\t\t\t\t\t\t\t<span class=\"elementor-icon-list-text\">Thang m\u00e1y quan s\u00e1t<\/span>\n\t\t\t\t\t\t\t\t\t<\/li>\n\t\t\t\t\t\t\t\t<li class=\"elementor-icon-list-item\">\n\t\t\t\t\t\t\t\t\t\t\t<span class=\"elementor-icon-list-icon\">\n\t\t\t\t\t\t\t<svg aria-hidden=\"true\" class=\"e-font-icon-svg e-fab-elementor\" viewBox=\"0 0 448 512\" xmlns=\"http:\/\/www.w3.org\/2000\/svg\"><path d=\"M425.6 32H22.4C10 32 0 42 0 54.4v403.2C0 470 10 480 22.4 480h403.2c12.4 0 22.4-10 22.4-22.4V54.4C448 42 438 32 425.6 32M164.3 355.5h-39.8v-199h39.8v199zm159.3 0H204.1v-39.8h119.5v39.8zm0-79.6H204.1v-39.8h119.5v39.8zm0-79.7H204.1v-39.8h119.5v39.8z\"><\/path><\/svg>\t\t\t\t\t\t<\/span>\n\t\t\t\t\t\t\t\t\t\t<span class=\"elementor-icon-list-text\">Thang m\u00e1y gia \u0111\u00ecnh<\/span>\n\t\t\t\t\t\t\t\t\t<\/li>\n\t\t\t\t\t\t\t\t<li class=\"elementor-icon-list-item\">\n\t\t\t\t\t\t\t\t\t\t\t<span class=\"elementor-icon-list-icon\">\n\t\t\t\t\t\t\t<svg aria-hidden=\"true\" class=\"e-font-icon-svg e-fab-elementor\" viewBox=\"0 0 448 512\" xmlns=\"http:\/\/www.w3.org\/2000\/svg\"><path d=\"M425.6 32H22.4C10 32 0 42 0 54.4v403.2C0 470 10 480 22.4 480h403.2c12.4 0 22.4-10 22.4-22.4V54.4C448 42 438 32 425.6 32M164.3 355.5h-39.8v-199h39.8v199zm159.3 0H204.1v-39.8h119.5v39.8zm0-79.6H204.1v-39.8h119.5v39.8zm0-79.7H204.1v-39.8h119.5v39.8z\"><\/path><\/svg>\t\t\t\t\t\t<\/span>\n\t\t\t\t\t\t\t\t\t\t<span class=\"elementor-icon-list-text\">Thang m\u00e1y t\u1ea3i h\u00e0ng<\/span>\n\t\t\t\t\t\t\t\t\t<\/li>\n\t\t\t\t\t\t\t\t<li class=\"elementor-icon-list-item\">\n\t\t\t\t\t\t\t\t\t\t\t<span class=\"elementor-icon-list-icon\">\n\t\t\t\t\t\t\t<svg aria-hidden=\"true\" class=\"e-font-icon-svg e-fab-elementor\" viewBox=\"0 0 448 512\" xmlns=\"http:\/\/www.w3.org\/2000\/svg\"><path d=\"M425.6 32H22.4C10 32 0 42 0 54.4v403.2C0 470 10 480 22.4 480h403.2c12.4 0 22.4-10 22.4-22.4V54.4C448 42 438 32 425.6 32M164.3 355.5h-39.8v-199h39.8v199zm159.3 0H204.1v-39.8h119.5v39.8zm0-79.6H204.1v-39.8h119.5v39.8zm0-79.7H204.1v-39.8h119.5v39.8z\"><\/path><\/svg>\t\t\t\t\t\t<\/span>\n\t\t\t\t\t\t\t\t\t\t<span class=\"elementor-icon-list-text\">Thang m\u00e1y t\u1ea3i kh\u00e1ch<\/span>\n\t\t\t\t\t\t\t\t\t<\/li>\n\t\t\t\t\t\t<\/ul>\n\t\t\t\t\t\t<\/div>\n\t\t\t\t<\/div>\n\t\t\t\t<\/div>\n\t\t<div class=\"elementor-element elementor-element-95c8abd e-con-full e-flex e-con e-child\" data-id=\"95c8abd\" data-element_type=\"container\" data-e-type=\"container\" data-settings=\"{&quot;background_background&quot;:&quot;classic&quot;}\">\n\t\t\t\t<div class=\"elementor-element elementor-element-4f1ed53 elementor-widget elementor-widget-heading\" data-id=\"4f1ed53\" data-element_type=\"widget\" data-e-type=\"widget\" data-widget_type=\"heading.default\">\n\t\t\t\t<div class=\"elementor-widget-container\">\n\t\t\t\t\t<h2 class=\"elementor-heading-title elementor-size-default\">T\u01b0 v\u1ea5n<\/h2>\t\t\t\t<\/div>\n\t\t\t\t<\/div>\n\t\t\t\t<div class=\"elementor-element elementor-element-7c24617 elementor-button-align-start elementor-widget elementor-widget-form\" data-id=\"7c24617\" data-element_type=\"widget\" data-e-type=\"widget\" data-settings=\"{&quot;step_next_label&quot;:&quot;Ti\\u1ebfp theo&quot;,&quot;step_previous_label&quot;:&quot;Previous&quot;,&quot;button_width&quot;:&quot;100&quot;,&quot;step_type&quot;:&quot;number_text&quot;,&quot;step_icon_shape&quot;:&quot;circle&quot;}\" data-widget_type=\"form.default\">\n\t\t\t\t<div class=\"elementor-widget-container\">\n\t\t\t\t\t\t\t<form class=\"elementor-form\" method=\"post\" name=\"Bi\u1ec3u m\u1eabu m\u1edbi\">\n\t\t\t<input type=\"hidden\" name=\"post_id\" value=\"1694\"\/>\n\t\t\t<input type=\"hidden\" name=\"form_id\" value=\"7c24617\"\/>\n\t\t\t<input type=\"hidden\" name=\"referer_title\" value=\"D\u1ea1ng k\u00ednh ph\u1eb3ng\" \/>\n\n\t\t\t\t\t\t\t<input type=\"hidden\" name=\"queried_id\" value=\"1694\"\/>\n\t\t\t\n\t\t\t<div class=\"elementor-form-fields-wrapper elementor-labels-\">\n\t\t\t\t\t\t\t\t<div class=\"elementor-field-type-text elementor-field-group elementor-column elementor-field-group-name elementor-col-100\">\n\t\t\t\t\t\t\t\t\t\t\t\t<label for=\"form-field-name\" class=\"elementor-field-label elementor-screen-only\">\n\t\t\t\t\t\t\t\tT\u00ean\t\t\t\t\t\t\t<\/label>\n\t\t\t\t\t\t\t\t\t\t\t\t\t\t<input size=\"1\" type=\"text\" name=\"form_fields[name]\" id=\"form-field-name\" class=\"elementor-field elementor-size-sm  elementor-field-textual\" placeholder=\"T\u00ean\">\n\t\t\t\t\t\t\t\t\t\t\t<\/div>\n\t\t\t\t\t\t\t\t<div class=\"elementor-field-type-email elementor-field-group elementor-column elementor-field-group-email elementor-col-100 elementor-field-required\">\n\t\t\t\t\t\t\t\t\t\t\t\t<label for=\"form-field-email\" class=\"elementor-field-label elementor-screen-only\">\n\t\t\t\t\t\t\t\tEmail\t\t\t\t\t\t\t<\/label>\n\t\t\t\t\t\t\t\t\t\t\t\t\t\t<input size=\"1\" type=\"email\" name=\"form_fields[email]\" id=\"form-field-email\" class=\"elementor-field elementor-size-sm  elementor-field-textual\" placeholder=\"Email\" required=\"required\">\n\t\t\t\t\t\t\t\t\t\t\t<\/div>\n\t\t\t\t\t\t\t\t<div class=\"elementor-field-type-tel elementor-field-group elementor-column elementor-field-group-field_1266cce elementor-col-100 elementor-field-required\">\n\t\t\t\t\t\t\t\t\t\t\t\t<label for=\"form-field-field_1266cce\" class=\"elementor-field-label elementor-screen-only\">\n\t\t\t\t\t\t\t\t\u0110i\u1ec7n tho\u1ea1i\t\t\t\t\t\t\t<\/label>\n\t\t\t\t\t\t\t\t<input size=\"1\" type=\"tel\" name=\"form_fields[field_1266cce]\" id=\"form-field-field_1266cce\" class=\"elementor-field elementor-size-sm  elementor-field-textual\" placeholder=\"\u0110i\u1ec7n tho\u1ea1i\" required=\"required\" pattern=\"[0-9()#&amp;+*-=.]+\" title=\"Only numbers and phone characters (#, -, *, etc) are accepted.\">\n\n\t\t\t\t\t\t<\/div>\n\t\t\t\t\t\t\t\t<div class=\"elementor-field-group elementor-column elementor-field-type-submit elementor-col-100 e-form__buttons\">\n\t\t\t\t\t<button class=\"elementor-button elementor-size-sm\" type=\"submit\">\n\t\t\t\t\t\t<span class=\"elementor-button-content-wrapper\">\n\t\t\t\t\t\t\t\t\t\t\t\t\t\t\t\t\t\t\t\t\t\t<span class=\"elementor-button-text\">G\u1eedi ngay<\/span>\n\t\t\t\t\t\t\t\t\t\t\t\t\t<\/span>\n\t\t\t\t\t<\/button>\n\t\t\t\t<\/div>\n\t\t\t<\/div>\n\t\t<\/form>\n\t\t\t\t\t\t<\/div>\n\t\t\t\t<\/div>\n\t\t\t\t<\/div>\n\t\t\t\t<\/div>\n\t\t\t\t\t<\/div>\n\t\t\t\t<\/div>\n\t\t\t\t<\/div>\n\t\t","protected":false},"excerpt":{"rendered":"<p>M\u00f4 t\u1ea3 S\u1ea3n ph\u1ea9m thang m\u00e1y c\u1ee7a Taka Elevator \u0111\u01b0\u1ee3c thi\u1ebft k\u1ebf v\u1edbi ti\u00eau chu\u1ea9n k\u1ef9 thu\u1eadt cao, \u0111\u00e1p \u1ee9ng c\u00e1c y\u00eau c\u1ea7u kh\u1eaft khe v\u1ec1 an to\u00e0n v\u00e0 hi\u1ec7u su\u1ea5t. Taka cung c\u1ea5p \u0111a d\u1ea1ng c\u00e1c d\u00f2ng thang m\u00e1y, bao g\u1ed3m thang m\u00e1y gia \u0111\u00ecnh, thang m\u00e1y t\u1ea3i kh\u00e1ch, thang m\u00e1y t\u1ea3i h\u00e0ng, v\u00e0 [&hellip;]<\/p>\n","protected":false},"author":1,"featured_media":0,"parent":1671,"menu_order":0,"comment_status":"closed","ping_status":"closed","template":"","meta":{"site-sidebar-layout":"no-sidebar","site-content-layout":"page-builder","ast-site-content-layout":"full-width-container","site-content-style":"default","site-sidebar-style":"default","ast-global-header-display":"","ast-banner-title-visibility":"","ast-main-header-display":"","ast-hfb-above-header-display":"","ast-hfb-below-header-display":"","ast-hfb-mobile-header-display":"","site-post-title":"disabled","ast-breadcrumbs-content":"","ast-featured-img":"disabled","footer-sml-layout":"","ast-disable-related-posts":"","theme-transparent-header-meta":"","adv-header-id-meta":"","stick-header-meta":"","header-above-stick-meta":"","header-main-stick-meta":"","header-below-stick-meta":"","astra-migrate-meta-layouts":"set","ast-page-background-enabled":"default","ast-page-background-meta":{"desktop":{"background-color":"","background-image":"","background-repeat":"repeat","background-position":"center center","background-size":"auto","background-attachment":"scroll","background-type":"","background-media":"","overlay-type":"","overlay-color":"","overlay-opacity":"","overlay-gradient":""},"tablet":{"background-color":"","background-image":"","background-repeat":"repeat","background-position":"center center","background-size":"auto","background-attachment":"scroll","background-type":"","background-media":"","overlay-type":"","overlay-color":"","overlay-opacity":"","overlay-gradient":""},"mobile":{"background-color":"","background-image":"","background-repeat":"repeat","background-position":"center center","background-size":"auto","background-attachment":"scroll","background-type":"","background-media":"","overlay-type":"","overlay-color":"","overlay-opacity":"","overlay-gradient":""}},"ast-content-background-meta":{"desktop":{"background-color":"var(--ast-global-color-5)","background-image":"","background-repeat":"repeat","background-position":"center center","background-size":"auto","background-attachment":"scroll","background-type":"","background-media":"","overlay-type":"","overlay-color":"","overlay-opacity":"","overlay-gradient":""},"tablet":{"background-color":"var(--ast-global-color-5)","background-image":"","background-repeat":"repeat","background-position":"center center","background-size":"auto","background-attachment":"scroll","background-type":"","background-media":"","overlay-type":"","overlay-color":"","overlay-opacity":"","overlay-gradient":""},"mobile":{"background-color":"var(--ast-global-color-5)","background-image":"","background-repeat":"repeat","background-position":"center center","background-size":"auto","background-attachment":"scroll","background-type":"","background-media":"","overlay-type":"","overlay-color":"","overlay-opacity":"","overlay-gradient":""}},"footnotes":""},"class_list":["post-1694","page","type-page","status-publish","hentry"],"_links":{"self":[{"href":"https:\/\/web.webio.vn\/29\/wp-json\/wp\/v2\/pages\/1694","targetHints":{"allow":["GET"]}}],"collection":[{"href":"https:\/\/web.webio.vn\/29\/wp-json\/wp\/v2\/pages"}],"about":[{"href":"https:\/\/web.webio.vn\/29\/wp-json\/wp\/v2\/types\/page"}],"author":[{"embeddable":true,"href":"https:\/\/web.webio.vn\/29\/wp-json\/wp\/v2\/users\/1"}],"replies":[{"embeddable":true,"href":"https:\/\/web.webio.vn\/29\/wp-json\/wp\/v2\/comments?post=1694"}],"version-history":[{"count":16,"href":"https:\/\/web.webio.vn\/29\/wp-json\/wp\/v2\/pages\/1694\/revisions"}],"predecessor-version":[{"id":2059,"href":"https:\/\/web.webio.vn\/29\/wp-json\/wp\/v2\/pages\/1694\/revisions\/2059"}],"up":[{"embeddable":true,"href":"https:\/\/web.webio.vn\/29\/wp-json\/wp\/v2\/pages\/1671"}],"wp:attachment":[{"href":"https:\/\/web.webio.vn\/29\/wp-json\/wp\/v2\/media?parent=1694"}],"curies":[{"name":"wp","href":"https:\/\/api.w.org\/{rel}","templated":true}]}}