{"id":8,"date":"2024-06-11T08:13:09","date_gmt":"2024-06-11T08:13:09","guid":{"rendered":"https:\/\/web.webio.vn\/29\/product-2\/"},"modified":"2024-10-27T08:29:59","modified_gmt":"2024-10-27T08:29:59","slug":"san-pham","status":"publish","type":"page","link":"https:\/\/web.webio.vn\/29\/san-pham\/","title":{"rendered":"S\u1ea3n ph\u1ea9m"},"content":{"rendered":"\t\t<div data-elementor-type=\"wp-post\" data-elementor-id=\"8\" class=\"elementor elementor-8\" data-elementor-post-type=\"page\">\n\t\t\t\t<div class=\"elementor-element elementor-element-0b1e535 e-flex e-con-boxed e-con e-parent\" data-id=\"0b1e535\" data-element_type=\"container\" data-e-type=\"container\" data-settings=\"{&quot;background_background&quot;:&quot;classic&quot;}\">\n\t\t\t\t\t<div class=\"e-con-inner\">\n\t\t<div class=\"elementor-element elementor-element-4e3f8cd e-con-full e-flex e-con e-child\" data-id=\"4e3f8cd\" data-element_type=\"container\" data-e-type=\"container\">\n\t\t\t\t<div class=\"elementor-element elementor-element-7f6e567 elementor-widget elementor-widget-heading\" data-id=\"7f6e567\" data-element_type=\"widget\" data-e-type=\"widget\" data-widget_type=\"heading.default\">\n\t\t\t\t<div class=\"elementor-widget-container\">\n\t\t\t\t\t<h1 class=\"elementor-heading-title elementor-size-default\">S\u1ea3n ph\u1ea9m<\/h1>\t\t\t\t<\/div>\n\t\t\t\t<\/div>\n\t\t\t\t<\/div>\n\t\t\t\t\t<\/div>\n\t\t\t\t<\/div>\n\t\t<div class=\"elementor-element elementor-element-e1d6fb4 e-flex e-con-boxed e-con e-parent\" data-id=\"e1d6fb4\" data-element_type=\"container\" data-e-type=\"container\" data-settings=\"{&quot;background_background&quot;:&quot;classic&quot;}\">\n\t\t\t\t\t<div class=\"e-con-inner\">\n\t\t<div class=\"elementor-element elementor-element-9b1d13b e-con-full e-flex e-con e-child\" data-id=\"9b1d13b\" data-element_type=\"container\" data-e-type=\"container\">\n\t\t\t\t<div class=\"elementor-element elementor-element-f49cae6 elementor-widget elementor-widget-heading\" data-id=\"f49cae6\" data-element_type=\"widget\" data-e-type=\"widget\" data-widget_type=\"heading.default\">\n\t\t\t\t<div class=\"elementor-widget-container\">\n\t\t\t\t\t<h2 class=\"elementor-heading-title elementor-size-default\">Thang m\u00e1y ch\u1ea5t l\u01b0\u1ee3ng h\u00e0ng \u0111\u1ea7u Nh\u1eadt B\u1ea3n.<\/h2>\t\t\t\t<\/div>\n\t\t\t\t<\/div>\n\t\t\t\t<div class=\"elementor-element elementor-element-7e0ae1a elementor-widget elementor-widget-text-editor\" data-id=\"7e0ae1a\" data-element_type=\"widget\" data-e-type=\"widget\" data-widget_type=\"text-editor.default\">\n\t\t\t\t<div class=\"elementor-widget-container\">\n\t\t\t\t\t\t\t\t\t<p>Taka Elevator l\u00e0 c\u00f4ng ty chuy\u00ean cung c\u1ea5p gi\u1ea3i ph\u00e1p thang m\u00e1y to\u00e0n di\u1ec7n, \u0111\u1eb7t tr\u1ee5 s\u1edf t\u1ea1i Th\u00e0nh ph\u1ed1 H\u1ed3 Ch\u00ed Minh. Ch\u00fang t\u00f4i t\u1ef1 h\u00e0o mang \u0111\u1ebfn cho kh\u00e1ch h\u00e0ng c\u00e1c s\u1ea3n ph\u1ea9m thang m\u00e1y hi\u1ec7n \u0111\u1ea1i, an to\u00e0n v\u00e0 \u0111\u1ea1t chu\u1ea9n qu\u1ed1c t\u1ebf, \u0111\u00e1p \u1ee9ng \u0111a d\u1ea1ng nhu c\u1ea7u t\u1eeb thang m\u00e1y gia \u0111\u00ecnh \u0111\u1ebfn thang m\u00e1y cho c\u00e1c t\u00f2a nh\u00e0 cao t\u1ea7ng v\u00e0 khu th\u01b0\u01a1ng m\u1ea1i.<\/p><p>V\u1edbi \u0111\u1ed9i ng\u0169 k\u1ef9 s\u01b0 v\u00e0 nh\u00e2n vi\u00ean c\u00f3 chuy\u00ean m\u00f4n cao, Taka Elevator cam k\u1ebft mang l\u1ea1i tr\u1ea3i nghi\u1ec7m d\u1ecbch v\u1ee5 t\u1ed1t nh\u1ea5t, t\u1eeb kh\u00e2u t\u01b0 v\u1ea5n thi\u1ebft k\u1ebf, l\u1eafp \u0111\u1eb7t \u0111\u1ebfn b\u1ea3o tr\u00ec. Ch\u00fang t\u00f4i kh\u00f4ng ng\u1eebng nghi\u00ean c\u1ee9u v\u00e0 c\u1eadp nh\u1eadt nh\u1eefng c\u00f4ng ngh\u1ec7 ti\u00ean ti\u1ebfn nh\u1ea5t \u0111\u1ec3 t\u1ed1i \u01b0u h\u00f3a hi\u1ec7u su\u1ea5t ho\u1ea1t \u0111\u1ed9ng v\u00e0 \u0111\u1ea3m b\u1ea3o an to\u00e0n tuy\u1ec7t \u0111\u1ed1i cho ng\u01b0\u1eddi s\u1eed d\u1ee5ng.<\/p>\t\t\t\t\t\t\t\t<\/div>\n\t\t\t\t<\/div>\n\t\t\t\t<\/div>\n\t\t<div class=\"elementor-element elementor-element-8305a21 e-con-full e-flex e-con e-child\" data-id=\"8305a21\" data-element_type=\"container\" data-e-type=\"container\">\n\t\t\t\t<div class=\"elementor-element elementor-element-ba08c59 elementor-widget-mobile__width-inherit elementor-widget elementor-widget-image\" data-id=\"ba08c59\" data-element_type=\"widget\" data-e-type=\"widget\" data-widget_type=\"image.default\">\n\t\t\t\t<div class=\"elementor-widget-container\">\n\t\t\t\t\t\t\t\t\t\t\t\t\t\t\t<img fetchpriority=\"high\" decoding=\"async\" width=\"293\" height=\"500\" src=\"https:\/\/web.webio.vn\/29\/wp-content\/uploads\/sites\/29\/2018\/11\/product.jpg\" class=\"attachment-full size-full wp-image-182\" alt=\"\" srcset=\"https:\/\/web.webio.vn\/29\/wp-content\/uploads\/sites\/29\/2018\/11\/product.jpg 293w, https:\/\/web.webio.vn\/29\/wp-content\/uploads\/sites\/29\/2018\/11\/product-176x300.jpg 176w\" sizes=\"(max-width: 293px) 100vw, 293px\" \/>\t\t\t\t\t\t\t\t\t\t\t\t\t\t\t<\/div>\n\t\t\t\t<\/div>\n\t\t\t\t<\/div>\n\t\t<div class=\"elementor-element elementor-element-a584313 e-con-full e-flex e-con e-child\" data-id=\"a584313\" data-element_type=\"container\" data-e-type=\"container\">\n\t\t\t\t<div class=\"elementor-element elementor-element-4f814ca elementor-widget-mobile__width-inherit elementor-widget elementor-widget-image\" data-id=\"4f814ca\" data-element_type=\"widget\" data-e-type=\"widget\" data-widget_type=\"image.default\">\n\t\t\t\t<div class=\"elementor-widget-container\">\n\t\t\t\t\t\t\t\t\t\t\t\t\t\t\t<img decoding=\"async\" width=\"293\" height=\"500\" src=\"https:\/\/web.webio.vn\/29\/wp-content\/uploads\/sites\/29\/2018\/11\/img-05-free-img-1.jpg\" class=\"attachment-full size-full wp-image-184\" alt=\"\" srcset=\"https:\/\/web.webio.vn\/29\/wp-content\/uploads\/sites\/29\/2018\/11\/img-05-free-img-1.jpg 293w, https:\/\/web.webio.vn\/29\/wp-content\/uploads\/sites\/29\/2018\/11\/img-05-free-img-1-176x300.jpg 176w\" sizes=\"(max-width: 293px) 100vw, 293px\" \/>\t\t\t\t\t\t\t\t\t\t\t\t\t\t\t<\/div>\n\t\t\t\t<\/div>\n\t\t\t\t<\/div>\n\t\t\t\t\t<\/div>\n\t\t\t\t<\/div>\n\t\t<div class=\"elementor-element elementor-element-17d27d6 e-flex e-con-boxed e-con e-parent\" data-id=\"17d27d6\" data-element_type=\"container\" data-e-type=\"container\" data-settings=\"{&quot;background_background&quot;:&quot;classic&quot;}\">\n\t\t\t\t\t<div class=\"e-con-inner\">\n\t\t<div class=\"elementor-element elementor-element-b5c921a e-con-full e-flex e-con e-child\" data-id=\"b5c921a\" data-element_type=\"container\" data-e-type=\"container\">\n\t\t<div class=\"elementor-element elementor-element-02e3174 e-con-full e-flex e-con e-child\" data-id=\"02e3174\" data-element_type=\"container\" data-e-type=\"container\">\n\t\t<div class=\"elementor-element elementor-element-160b3d4 e-con-full e-flex e-con e-child\" data-id=\"160b3d4\" data-element_type=\"container\" data-e-type=\"container\">\n\t\t\t\t<div class=\"elementor-element elementor-element-00c662a elementor-widget-divider--view-line elementor-widget elementor-widget-divider\" data-id=\"00c662a\" data-element_type=\"widget\" data-e-type=\"widget\" data-widget_type=\"divider.default\">\n\t\t\t\t<div class=\"elementor-widget-container\">\n\t\t\t\t\t\t\t<div class=\"elementor-divider\">\n\t\t\t<span class=\"elementor-divider-separator\">\n\t\t\t\t\t\t<\/span>\n\t\t<\/div>\n\t\t\t\t\t\t<\/div>\n\t\t\t\t<\/div>\n\t\t\t\t<div class=\"elementor-element elementor-element-28fdb7b elementor-widget elementor-widget-heading\" data-id=\"28fdb7b\" data-element_type=\"widget\" data-e-type=\"widget\" data-widget_type=\"heading.default\">\n\t\t\t\t<div class=\"elementor-widget-container\">\n\t\t\t\t\t<h3 class=\"elementor-heading-title elementor-size-default\">Thang m\u00e1y quan s\u00e1t<\/h3>\t\t\t\t<\/div>\n\t\t\t\t<\/div>\n\t\t\t\t<div class=\"elementor-element elementor-element-fe968da elementor-widget elementor-widget-text-editor\" data-id=\"fe968da\" data-element_type=\"widget\" data-e-type=\"widget\" data-widget_type=\"text-editor.default\">\n\t\t\t\t<div class=\"elementor-widget-container\">\n\t\t\t\t\t\t\t\t\t<ul><li>D\u1ea1ng k\u00ednh ph\u1eb3ng<\/li><li>D\u1ea1ng k\u00ednh tr\u00f2n<\/li><\/ul>\t\t\t\t\t\t\t\t<\/div>\n\t\t\t\t<\/div>\n\t\t\t\t<div class=\"elementor-element elementor-element-cb15b63 elementor-widget-divider--view-line elementor-widget elementor-widget-divider\" data-id=\"cb15b63\" data-element_type=\"widget\" data-e-type=\"widget\" data-widget_type=\"divider.default\">\n\t\t\t\t<div class=\"elementor-widget-container\">\n\t\t\t\t\t\t\t<div class=\"elementor-divider\">\n\t\t\t<span class=\"elementor-divider-separator\">\n\t\t\t\t\t\t<\/span>\n\t\t<\/div>\n\t\t\t\t\t\t<\/div>\n\t\t\t\t<\/div>\n\t\t\t\t<div class=\"elementor-element elementor-element-bab4a51 elementor-widget elementor-widget-heading\" data-id=\"bab4a51\" data-element_type=\"widget\" data-e-type=\"widget\" data-widget_type=\"heading.default\">\n\t\t\t\t<div class=\"elementor-widget-container\">\n\t\t\t\t\t<h3 class=\"elementor-heading-title elementor-size-default\">Thang m\u00e1y gia \u0111\u00ecnh<\/h3>\t\t\t\t<\/div>\n\t\t\t\t<\/div>\n\t\t\t\t<div class=\"elementor-element elementor-element-304f6a8 elementor-widget elementor-widget-text-editor\" data-id=\"304f6a8\" data-element_type=\"widget\" data-e-type=\"widget\" data-widget_type=\"text-editor.default\">\n\t\t\t\t<div class=\"elementor-widget-container\">\n\t\t\t\t\t\t\t\t\t<ul><li>Thang m\u00e1y tr\u1ee5c v\u00edt<\/li><li>Thang m\u00e1y c\u00e1p k\u00e9o<\/li><li>Thang m\u00e1y thu\u1ef7 l\u1ef1c<\/li><\/ul>\t\t\t\t\t\t\t\t<\/div>\n\t\t\t\t<\/div>\n\t\t\t\t<\/div>\n\t\t<div class=\"elementor-element elementor-element-49a5998 e-con-full e-flex e-con e-child\" data-id=\"49a5998\" data-element_type=\"container\" data-e-type=\"container\">\n\t\t\t\t<div class=\"elementor-element elementor-element-44a7967 elementor-widget-divider--view-line elementor-widget elementor-widget-divider\" data-id=\"44a7967\" data-element_type=\"widget\" data-e-type=\"widget\" data-widget_type=\"divider.default\">\n\t\t\t\t<div class=\"elementor-widget-container\">\n\t\t\t\t\t\t\t<div class=\"elementor-divider\">\n\t\t\t<span class=\"elementor-divider-separator\">\n\t\t\t\t\t\t<\/span>\n\t\t<\/div>\n\t\t\t\t\t\t<\/div>\n\t\t\t\t<\/div>\n\t\t\t\t<div class=\"elementor-element elementor-element-24c06a5 elementor-widget elementor-widget-heading\" data-id=\"24c06a5\" data-element_type=\"widget\" data-e-type=\"widget\" data-widget_type=\"heading.default\">\n\t\t\t\t<div class=\"elementor-widget-container\">\n\t\t\t\t\t<h3 class=\"elementor-heading-title elementor-size-default\">Thang m\u00e1y t\u1ea3i h\u00e0ng<\/h3>\t\t\t\t<\/div>\n\t\t\t\t<\/div>\n\t\t\t\t<div class=\"elementor-element elementor-element-e60abf0 elementor-widget elementor-widget-text-editor\" data-id=\"e60abf0\" data-element_type=\"widget\" data-e-type=\"widget\" data-widget_type=\"text-editor.default\">\n\t\t\t\t<div class=\"elementor-widget-container\">\n\t\t\t\t\t\t\t\t\t<ul><li>T\u1ea3i xe t\u1ea3i c\u00f4ng nghi\u1ec7p<\/li><li>T\u1ea3i xe c\u01a1 gi\u1edbi<\/li><li>T\u1ea3i h\u00e0ng h\u00f3a chung<\/li><\/ul>\t\t\t\t\t\t\t\t<\/div>\n\t\t\t\t<\/div>\n\t\t\t\t<div class=\"elementor-element elementor-element-535b732 elementor-widget-divider--view-line elementor-widget elementor-widget-divider\" data-id=\"535b732\" data-element_type=\"widget\" data-e-type=\"widget\" data-widget_type=\"divider.default\">\n\t\t\t\t<div class=\"elementor-widget-container\">\n\t\t\t\t\t\t\t<div class=\"elementor-divider\">\n\t\t\t<span class=\"elementor-divider-separator\">\n\t\t\t\t\t\t<\/span>\n\t\t<\/div>\n\t\t\t\t\t\t<\/div>\n\t\t\t\t<\/div>\n\t\t\t\t<div class=\"elementor-element elementor-element-add5a83 elementor-widget elementor-widget-heading\" data-id=\"add5a83\" data-element_type=\"widget\" data-e-type=\"widget\" data-widget_type=\"heading.default\">\n\t\t\t\t<div class=\"elementor-widget-container\">\n\t\t\t\t\t<h3 class=\"elementor-heading-title elementor-size-default\">Thang m\u00e1y t\u1ea3i kh\u00e1ch<\/h3>\t\t\t\t<\/div>\n\t\t\t\t<\/div>\n\t\t\t\t<div class=\"elementor-element elementor-element-4228777 elementor-widget elementor-widget-text-editor\" data-id=\"4228777\" data-element_type=\"widget\" data-e-type=\"widget\" data-widget_type=\"text-editor.default\">\n\t\t\t\t<div class=\"elementor-widget-container\">\n\t\t\t\t\t\t\t\t\t<ul><li>Thang t\u1ea3i b\u1ec7nh<\/li><li>Thang m\u00e1y ti\u00eau chu\u1ea9n<\/li><li>Thang t\u1ed1c \u0111\u1ed9 cao<\/li><\/ul>\t\t\t\t\t\t\t\t<\/div>\n\t\t\t\t<\/div>\n\t\t\t\t<\/div>\n\t\t\t\t<\/div>\n\t\t\t\t<\/div>\n\t\t\t\t\t<\/div>\n\t\t\t\t<\/div>\n\t\t<div class=\"elementor-element elementor-element-df656c0 e-flex e-con-boxed e-con e-parent\" data-id=\"df656c0\" data-element_type=\"container\" data-e-type=\"container\" data-settings=\"{&quot;background_background&quot;:&quot;classic&quot;}\">\n\t\t\t\t\t<div class=\"e-con-inner\">\n\t\t<div class=\"elementor-element elementor-element-dd5ace7 e-con-full e-flex e-con e-child\" data-id=\"dd5ace7\" data-element_type=\"container\" data-e-type=\"container\">\n\t\t\t\t<div class=\"elementor-element elementor-element-0850d01 elementor-widget elementor-widget-heading\" data-id=\"0850d01\" data-element_type=\"widget\" data-e-type=\"widget\" data-widget_type=\"heading.default\">\n\t\t\t\t<div class=\"elementor-widget-container\">\n\t\t\t\t\t<h3 class=\"elementor-heading-title elementor-size-default\">N\u1ebfu b\u1ea1n c\u1ea7n t\u01b0 v\u1ea5n, h\u00e3y li\u00ean h\u1ec7 ngay Taka<\/h3>\t\t\t\t<\/div>\n\t\t\t\t<\/div>\n\t\t\t\t<\/div>\n\t\t<div class=\"elementor-element elementor-element-6be4d37 e-con-full e-flex e-con e-child\" data-id=\"6be4d37\" data-element_type=\"container\" data-e-type=\"container\">\n\t\t\t\t<div class=\"elementor-element elementor-element-54ce566 elementor-align-right elementor-mobile-align-center elementor-widget elementor-widget-button\" data-id=\"54ce566\" data-element_type=\"widget\" data-e-type=\"widget\" data-widget_type=\"button.default\">\n\t\t\t\t<div class=\"elementor-widget-container\">\n\t\t\t\t\t\t\t\t\t<div class=\"elementor-button-wrapper\">\n\t\t\t\t\t<a class=\"elementor-button elementor-button-link elementor-size-sm\" href=\"#\">\n\t\t\t\t\t\t<span class=\"elementor-button-content-wrapper\">\n\t\t\t\t\t\t\t\t\t<span class=\"elementor-button-text\">Li\u00ean h\u1ec7<\/span>\n\t\t\t\t\t<\/span>\n\t\t\t\t\t<\/a>\n\t\t\t\t<\/div>\n\t\t\t\t\t\t\t\t<\/div>\n\t\t\t\t<\/div>\n\t\t\t\t<\/div>\n\t\t\t\t\t<\/div>\n\t\t\t\t<\/div>\n\t\t\t\t<\/div>\n\t\t","protected":false},"excerpt":{"rendered":"<p>Thang m\u00e1y ch\u1ea5t l\u01b0\u1ee3ng h\u00e0ng \u0111\u1ea7u Nh\u1eadt B\u1ea3n. Taka Elevator l\u00e0 c\u00f4ng ty chuy\u00ean cung c\u1ea5p gi\u1ea3i ph\u00e1p thang m\u00e1y to\u00e0n di\u1ec7n, \u0111\u1eb7t tr\u1ee5 s\u1edf t\u1ea1i Th\u00e0nh ph\u1ed1 H\u1ed3 Ch\u00ed Minh. Ch\u00fang t\u00f4i t\u1ef1 h\u00e0o mang \u0111\u1ebfn cho kh\u00e1ch h\u00e0ng c\u00e1c s\u1ea3n ph\u1ea9m thang m\u00e1y hi\u1ec7n \u0111\u1ea1i, an to\u00e0n v\u00e0 \u0111\u1ea1t chu\u1ea9n qu\u1ed1c t\u1ebf, \u0111\u00e1p [&hellip;]<\/p>\n","protected":false},"author":1,"featured_media":0,"parent":0,"menu_order":0,"comment_status":"closed","ping_status":"closed","template":"","meta":{"site-sidebar-layout":"no-sidebar","site-content-layout":"page-builder","ast-site-content-layout":"full-width-container","site-content-style":"unboxed","site-sidebar-style":"unboxed","ast-global-header-display":"","ast-banner-title-visibility":"","ast-main-header-display":"","ast-hfb-above-header-display":"","ast-hfb-below-header-display":"","ast-hfb-mobile-header-display":"","site-post-title":"disabled","ast-breadcrumbs-content":"","ast-featured-img":"disabled","footer-sml-layout":"","ast-disable-related-posts":"","theme-transparent-header-meta":"default","adv-header-id-meta":"","stick-header-meta":"","header-above-stick-meta":"","header-main-stick-meta":"","header-below-stick-meta":"","astra-migrate-meta-layouts":"set","ast-page-background-enabled":"default","ast-page-background-meta":{"desktop":{"background-color":"","background-image":"","background-repeat":"repeat","background-position":"center center","background-size":"auto","background-attachment":"scroll","background-type":"","background-media":"","overlay-type":"","overlay-color":"","overlay-opacity":"","overlay-gradient":""},"tablet":{"background-color":"","background-image":"","background-repeat":"repeat","background-position":"center center","background-size":"auto","background-attachment":"scroll","background-type":"","background-media":"","overlay-type":"","overlay-color":"","overlay-opacity":"","overlay-gradient":""},"mobile":{"background-color":"","background-image":"","background-repeat":"repeat","background-position":"center center","background-size":"auto","background-attachment":"scroll","background-type":"","background-media":"","overlay-type":"","overlay-color":"","overlay-opacity":"","overlay-gradient":""}},"ast-content-background-meta":{"desktop":{"background-color":"var(--ast-global-color-5)","background-image":"","background-repeat":"repeat","background-position":"center center","background-size":"auto","background-attachment":"scroll","background-type":"","background-media":"","overlay-type":"","overlay-color":"","overlay-opacity":"","overlay-gradient":""},"tablet":{"background-color":"var(--ast-global-color-5)","background-image":"","background-repeat":"repeat","background-position":"center center","background-size":"auto","background-attachment":"scroll","background-type":"","background-media":"","overlay-type":"","overlay-color":"","overlay-opacity":"","overlay-gradient":""},"mobile":{"background-color":"var(--ast-global-color-5)","background-image":"","background-repeat":"repeat","background-position":"center center","background-size":"auto","background-attachment":"scroll","background-type":"","background-media":"","overlay-type":"","overlay-color":"","overlay-opacity":"","overlay-gradient":""}},"footnotes":""},"class_list":["post-8","page","type-page","status-publish","hentry"],"_links":{"self":[{"href":"https:\/\/web.webio.vn\/29\/wp-json\/wp\/v2\/pages\/8","targetHints":{"allow":["GET"]}}],"collection":[{"href":"https:\/\/web.webio.vn\/29\/wp-json\/wp\/v2\/pages"}],"about":[{"href":"https:\/\/web.webio.vn\/29\/wp-json\/wp\/v2\/types\/page"}],"author":[{"embeddable":true,"href":"https:\/\/web.webio.vn\/29\/wp-json\/wp\/v2\/users\/1"}],"replies":[{"embeddable":true,"href":"https:\/\/web.webio.vn\/29\/wp-json\/wp\/v2\/comments?post=8"}],"version-history":[{"count":10,"href":"https:\/\/web.webio.vn\/29\/wp-json\/wp\/v2\/pages\/8\/revisions"}],"predecessor-version":[{"id":1944,"href":"https:\/\/web.webio.vn\/29\/wp-json\/wp\/v2\/pages\/8\/revisions\/1944"}],"wp:attachment":[{"href":"https:\/\/web.webio.vn\/29\/wp-json\/wp\/v2\/media?parent=8"}],"curies":[{"name":"wp","href":"https:\/\/api.w.org\/{rel}","templated":true}]}}