{"id":684,"date":"2025-03-23T02:46:11","date_gmt":"2025-03-23T02:46:11","guid":{"rendered":"https:\/\/web.webio.vn\/50\/?page_id=684"},"modified":"2025-03-23T04:27:34","modified_gmt":"2025-03-23T04:27:34","slug":"gioi-thieu","status":"publish","type":"page","link":"https:\/\/web.webio.vn\/50\/gioi-thieu\/","title":{"rendered":"Gi\u1edbi thi\u1ec7u"},"content":{"rendered":"\n<div class=\"wp-block-stackable-columns stk-block-columns stk-block stk-e84acda\" data-block-id=\"e84acda\"><style>.stk-e84acda .stk--block-align-e84acda{align-items:center !important;}.stk-e84acda {margin-bottom:0px !important;}.stk-e84acda-column{--stk-column-gap:50px !important;row-gap:50px !important;}@media screen and (max-width:999px){.stk-e84acda-column{--stk-column-gap:30px !important;}}<\/style><div class=\"stk-row stk-inner-blocks stk--block-align-e84acda stk-block-content stk-content-align stk-e84acda-column\">\n<div class=\"wp-block-stackable-column stk-block-column stk-column stk-block stk-cfe225c\" data-v=\"4\" data-block-id=\"cfe225c\"><style>.stk-cfe225c-container{margin-top:0px !important;margin-right:0px !important;margin-bottom:0px !important;margin-left:0px !important;}@media screen and (min-width:690px){.stk-cfe225c {flex:var(--stk-flex-grow, 1) 1 calc(45% - var(--stk-column-gap, 0px) * 1 \/ 2 ) !important;}}@media screen and (min-width:690px) and (max-width:999px){.stk-cfe225c {flex:var(--stk-flex-grow, 1) 1 calc(40% - var(--stk-column-gap, 0px) * 1 \/ 2 ) !important;}}<\/style><div class=\"stk-column-wrapper stk-block-column__content stk-container stk-cfe225c-container stk--no-background stk--no-padding\"><div class=\"stk-block-content stk-inner-blocks stk-cfe225c-inner-blocks\">\n<div class=\"wp-block-stackable-image stk-block-image stk-block stk-6c5aab5\" data-block-id=\"6c5aab5\"><style>.stk-6c5aab5 .stk-img-wrapper img{border-radius:5px !important;}<\/style><figure><span class=\"stk-img-wrapper stk-image--shape-stretch\"><img loading=\"lazy\" decoding=\"async\" class=\"stk-img wp-image-763\" src=\"https:\/\/web.webio.vn\/50\/wp-content\/uploads\/sites\/50\/2025\/03\/thay-giao.webp\" width=\"600\" height=\"800\" srcset=\"https:\/\/web.webio.vn\/50\/wp-content\/uploads\/sites\/50\/2025\/03\/thay-giao.webp 600w, https:\/\/web.webio.vn\/50\/wp-content\/uploads\/sites\/50\/2025\/03\/thay-giao-225x300.webp 225w\" sizes=\"auto, (max-width: 600px) 100vw, 600px\" \/><\/span><\/figure><\/div>\n<\/div><\/div><\/div>\n\n\n\n<div class=\"wp-block-stackable-column stk-block-column stk-column stk-block stk-fb8865e\" data-v=\"4\" data-block-id=\"fb8865e\"><style>.stk-fb8865e-container{margin-top:0px !important;margin-right:0px !important;margin-bottom:0px !important;margin-left:0px !important;}@media screen and (min-width:690px){.stk-fb8865e {flex:var(--stk-flex-grow, 1) 1 calc(55% - var(--stk-column-gap, 0px) * 1 \/ 2 ) !important;}}@media screen and (min-width:690px) and (max-width:999px){.stk-fb8865e {flex:var(--stk-flex-grow, 1) 1 calc(60% - var(--stk-column-gap, 0px) * 1 \/ 2 ) !important;}}<\/style><div class=\"stk-column-wrapper stk-block-column__content stk-container stk-fb8865e-container stk--no-background stk--no-padding\"><div class=\"has-text-align-center-mobile stk-block-content stk-inner-blocks stk-fb8865e-inner-blocks\">\n<div class=\"wp-block-stackable-heading stk-block-heading stk-block-heading--v2 stk-block stk-4ead935\" id=\"gi\u1edbi-thi\u1ec7u\" data-block-id=\"4ead935\"><style>.stk-4ead935 {margin-bottom:20px !important;}.stk-4ead935 .stk-block-heading__text{font-size:25px !important;}@media screen and (max-width:999px){.stk-4ead935 .stk-block-heading__text{font-size:25px !important;}}<\/style><h2 class=\"stk-block-heading__text stk-block-heading--use-theme-margins\">Gi\u1edbi thi\u1ec7u<\/h2><\/div>\n\n\n\n<div class=\"wp-block-stackable-columns stk-block-columns stk-block stk-84cd38e\" data-block-id=\"84cd38e\"><style>.stk-84cd38e-column{--stk-column-gap:30px !important;row-gap:30px !important;}<\/style><div class=\"stk-row stk-inner-blocks stk-block-content stk-content-align stk-84cd38e-column\">\n<div class=\"wp-block-stackable-column stk-block-column stk-column stk-block stk-673b59e\" data-v=\"4\" data-block-id=\"673b59e\"><style>.stk-673b59e-container{margin-top:0px !important;margin-right:0px !important;margin-bottom:0px !important;margin-left:0px !important;}<\/style><div class=\"stk-column-wrapper stk-block-column__content stk-container stk-673b59e-container stk--no-background stk--no-padding\"><div class=\"stk-block-content stk-inner-blocks stk-673b59e-inner-blocks\">\n<div class=\"wp-block-stackable-text stk-block-text stk-block stk-4c6e287\" data-block-id=\"4c6e287\"><style>.stk-4c6e287 {margin-bottom:30px !important;}<\/style><p class=\"stk-block-text__text\">Xin g\u1eedi \u0111\u1ebfn qu\u00fd v\u1ecb l\u1eddi ch\u00e0o tr\u00e2n tr\u1ecdng v\u00e0 l\u1eddi ch\u00fac t\u1ed1t \u0111\u1eb9p nh\u1ea5t. V\u1edbi vai tr\u00f2 l\u00e0 ng\u01b0\u1eddi \u0111\u1ee9ng \u0111\u1ea7u ng\u00f4i tr\u01b0\u1eddng n\u00e0y, t\u00f4i lu\u00f4n t\u00e2m ni\u1ec7m r\u1eb1ng gi\u00e1o d\u1ee5c l\u00e0 s\u1ef1 nghi\u1ec7p cao qu\u00fd, l\u00e0 n\u1ec1n t\u1ea3ng cho s\u1ef1 ph\u00e1t tri\u1ec3n c\u1ee7a m\u1ed7i c\u00e1 nh\u00e2n v\u00e0 c\u1ee7a to\u00e0n x\u00e3 h\u1ed9i.<\/p><\/div>\n\n\n\n<p>Trong su\u1ed1t nh\u1eefng n\u0103m qua, nh\u00e0 tr\u01b0\u1eddng ch\u00fang ta \u0111\u00e3 kh\u00f4ng ng\u1eebng n\u1ed7 l\u1ef1c \u0111\u1ec3 x\u00e2y d\u1ef1ng m\u1ed9t m\u00f4i tr\u01b0\u1eddng gi\u00e1o d\u1ee5c ch\u1ea5t l\u01b0\u1ee3ng, n\u01a1i h\u1ecdc sinh \u0111\u01b0\u1ee3c ph\u00e1t tri\u1ec3n to\u00e0n di\u1ec7n c\u1ea3 v\u1ec1 ki\u1ebfn th\u1ee9c, k\u1ef9 n\u0103ng v\u00e0 ph\u1ea9m ch\u1ea5t. Ch\u00fang t\u00f4i lu\u00f4n ch\u00fa tr\u1ecdng \u0111\u1ebfn vi\u1ec7c \u0111\u1ed5i m\u1edbi ph\u01b0\u01a1ng ph\u00e1p gi\u1ea3ng d\u1ea1y, n\u00e2ng cao tr\u00ecnh \u0111\u1ed9 chuy\u00ean m\u00f4n c\u1ee7a \u0111\u1ed9i ng\u0169 gi\u00e1o vi\u00ean v\u00e0 \u0111\u1ea7u t\u01b0 v\u00e0o c\u01a1 s\u1edf v\u1eadt ch\u1ea5t hi\u1ec7n \u0111\u1ea1i.<\/p>\n\n\n\n<p>Tuy nhi\u00ean, ch\u00fang t\u00f4i hi\u1ec3u r\u1eb1ng, \u0111\u1ec3 \u0111\u1ea1t \u0111\u01b0\u1ee3c nh\u1eefng th\u00e0nh c\u00f4ng l\u1edbn h\u01a1n n\u1eefa, ch\u00fang ta c\u1ea7n ph\u1ea3i ti\u1ebfp t\u1ee5c n\u1ed7 l\u1ef1c v\u00e0 kh\u00f4ng ng\u1eebng ho\u00e0n thi\u1ec7n. T\u00f4i mong mu\u1ed1n r\u1eb1ng, trong th\u1eddi gian t\u1edbi, nh\u00e0 tr\u01b0\u1eddng s\u1ebd ti\u1ebfp t\u1ee5c \u0111\u1ea9y m\u1ea1nh c\u00e1c ho\u1ea1t \u0111\u1ed9ng gi\u00e1o d\u1ee5c to\u00e0n di\u1ec7n, t\u0103ng c\u01b0\u1eddng s\u1ef1 g\u1eafn k\u1ebft gi\u1eefa nh\u00e0 tr\u01b0\u1eddng, gia \u0111\u00ecnh v\u00e0 x\u00e3 h\u1ed9i, \u0111\u1ed3ng th\u1eddi t\u1ea1o ra m\u1ed9t m\u00f4i tr\u01b0\u1eddng h\u1ecdc t\u1eadp th\u00e2n thi\u1ec7n, an to\u00e0n v\u00e0 \u0111\u1ea7y c\u1ea3m h\u1ee9ng cho h\u1ecdc sinh.<\/p>\n\n\n\n<p>T\u00f4i tin r\u1eb1ng, v\u1edbi s\u1ef1 \u0111o\u00e0n k\u1ebft, t\u00e2m huy\u1ebft v\u00e0 n\u1ed7 l\u1ef1c c\u1ee7a t\u1ea5t c\u1ea3 ch\u00fang ta, ng\u00f4i tr\u01b0\u1eddng n\u00e0y s\u1ebd ng\u00e0y c\u00e0ng ph\u00e1t tri\u1ec3n v\u00e0 tr\u1edf th\u00e0nh m\u1ed9t trong nh\u1eefng ng\u00f4i tr\u01b0\u1eddng h\u00e0ng \u0111\u1ea7u trong khu v\u1ef1c. H\u00e3y c\u00f9ng nhau chung tay x\u00e2y d\u1ef1ng m\u1ed9t t\u01b0\u01a1ng lai t\u01b0\u01a1i s\u00e1ng h\u01a1n cho th\u1ebf h\u1ec7 mai sau!<\/p>\n\n\n\n<div class=\"wp-block-stackable-text stk-block-text stk-block stk-c23c292\" id=\"molestie\" data-block-id=\"c23c292\"><p class=\"stk-block-text__text\">Tr\u00e2n tr\u1ecdng!<\/p><\/div>\n<\/div><\/div><\/div>\n<\/div><\/div>\n<\/div><\/div><\/div>\n<\/div><\/div>\n","protected":false},"excerpt":{"rendered":"<p>Gi\u1edbi thi\u1ec7u Xin g\u1eedi \u0111\u1ebfn qu\u00fd v\u1ecb l\u1eddi ch\u00e0o tr\u00e2n tr\u1ecdng v\u00e0 l\u1eddi ch\u00fac t\u1ed1t \u0111\u1eb9p nh\u1ea5t. V\u1edbi vai tr\u00f2 l\u00e0 ng\u01b0\u1eddi \u0111\u1ee9ng \u0111\u1ea7u ng\u00f4i tr\u01b0\u1eddng n\u00e0y, t\u00f4i lu\u00f4n t\u00e2m ni\u1ec7m r\u1eb1ng gi\u00e1o d\u1ee5c l\u00e0 s\u1ef1 nghi\u1ec7p cao qu\u00fd, l\u00e0 n\u1ec1n t\u1ea3ng cho s\u1ef1 ph\u00e1t tri\u1ec3n c\u1ee7a m\u1ed7i c\u00e1 nh\u00e2n v\u00e0 c\u1ee7a to\u00e0n x\u00e3 h\u1ed9i. [&hellip;]<\/p>\n","protected":false},"author":4,"featured_media":0,"parent":0,"menu_order":0,"comment_status":"closed","ping_status":"closed","template":"","meta":{"_gspb_post_css":"","footnotes":""},"class_list":["post-684","page","type-page","status-publish","hentry"],"blocksy_meta":[],"_links":{"self":[{"href":"https:\/\/web.webio.vn\/50\/wp-json\/wp\/v2\/pages\/684","targetHints":{"allow":["GET"]}}],"collection":[{"href":"https:\/\/web.webio.vn\/50\/wp-json\/wp\/v2\/pages"}],"about":[{"href":"https:\/\/web.webio.vn\/50\/wp-json\/wp\/v2\/types\/page"}],"author":[{"embeddable":true,"href":"https:\/\/web.webio.vn\/50\/wp-json\/wp\/v2\/users\/4"}],"replies":[{"embeddable":true,"href":"https:\/\/web.webio.vn\/50\/wp-json\/wp\/v2\/comments?post=684"}],"version-history":[{"count":6,"href":"https:\/\/web.webio.vn\/50\/wp-json\/wp\/v2\/pages\/684\/revisions"}],"predecessor-version":[{"id":771,"href":"https:\/\/web.webio.vn\/50\/wp-json\/wp\/v2\/pages\/684\/revisions\/771"}],"wp:attachment":[{"href":"https:\/\/web.webio.vn\/50\/wp-json\/wp\/v2\/media?parent=684"}],"curies":[{"name":"wp","href":"https:\/\/api.w.org\/{rel}","templated":true}]}}