{"id":688,"date":"2025-03-23T02:46:46","date_gmt":"2025-03-23T02:46:46","guid":{"rendered":"https:\/\/web.webio.vn\/50\/?page_id=688"},"modified":"2025-03-23T04:30:54","modified_gmt":"2025-03-23T04:30:54","slug":"gia-tri-cot-loi","status":"publish","type":"page","link":"https:\/\/web.webio.vn\/50\/gia-tri-cot-loi\/","title":{"rendered":"Gi\u00e1 tr\u1ecb c\u1ed1t l\u00f5i"},"content":{"rendered":"\n<div class=\"wp-block-stackable-columns stk-block-columns stk-block stk-e84acda\" data-block-id=\"e84acda\"><style>.stk-e84acda .stk--block-align-e84acda{align-items:center !important;}.stk-e84acda {margin-bottom:0px !important;}.stk-e84acda-column{--stk-column-gap:50px !important;row-gap:50px !important;}@media screen and (max-width:999px){.stk-e84acda-column{--stk-column-gap:30px !important;}}<\/style><div class=\"stk-row stk-inner-blocks stk--block-align-e84acda stk-block-content stk-content-align stk-e84acda-column\">\n<div class=\"wp-block-stackable-column stk-block-column stk-column stk-block stk-cfe225c\" data-v=\"4\" data-block-id=\"cfe225c\"><style>.stk-cfe225c-container{margin-top:0px !important;margin-right:0px !important;margin-bottom:0px !important;margin-left:0px !important;}@media screen and (min-width:690px){.stk-cfe225c {flex:var(--stk-flex-grow, 1) 1 calc(45% - var(--stk-column-gap, 0px) * 1 \/ 2 ) !important;}}@media screen and (min-width:690px) and (max-width:999px){.stk-cfe225c {flex:var(--stk-flex-grow, 1) 1 calc(40% - var(--stk-column-gap, 0px) * 1 \/ 2 ) !important;}}<\/style><div class=\"stk-column-wrapper stk-block-column__content stk-container stk-cfe225c-container stk--no-background stk--no-padding\"><div class=\"stk-block-content stk-inner-blocks stk-cfe225c-inner-blocks\">\n<div class=\"wp-block-stackable-image stk-block-image stk-block stk-6c5aab5\" data-block-id=\"6c5aab5\"><style>.stk-6c5aab5 .stk-img-wrapper img{border-radius:5px !important;}<\/style><figure><span class=\"stk-img-wrapper stk-image--shape-stretch\"><img loading=\"lazy\" decoding=\"async\" class=\"stk-img wp-image-763\" src=\"https:\/\/web.webio.vn\/50\/wp-content\/uploads\/sites\/50\/2025\/03\/thay-giao.webp\" width=\"600\" height=\"800\" srcset=\"https:\/\/web.webio.vn\/50\/wp-content\/uploads\/sites\/50\/2025\/03\/thay-giao.webp 600w, https:\/\/web.webio.vn\/50\/wp-content\/uploads\/sites\/50\/2025\/03\/thay-giao-225x300.webp 225w\" sizes=\"auto, (max-width: 600px) 100vw, 600px\" \/><\/span><\/figure><\/div>\n<\/div><\/div><\/div>\n\n\n\n<div class=\"wp-block-stackable-column stk-block-column stk-column stk-block stk-fb8865e\" data-v=\"4\" data-block-id=\"fb8865e\"><style>.stk-fb8865e-container{margin-top:0px !important;margin-right:0px !important;margin-bottom:0px !important;margin-left:0px !important;}@media screen and (min-width:690px){.stk-fb8865e {flex:var(--stk-flex-grow, 1) 1 calc(55% - var(--stk-column-gap, 0px) * 1 \/ 2 ) !important;}}@media screen and (min-width:690px) and (max-width:999px){.stk-fb8865e {flex:var(--stk-flex-grow, 1) 1 calc(60% - var(--stk-column-gap, 0px) * 1 \/ 2 ) !important;}}<\/style><div class=\"stk-column-wrapper stk-block-column__content stk-container stk-fb8865e-container stk--no-background stk--no-padding\"><div class=\"has-text-align-center-mobile stk-block-content stk-inner-blocks stk-fb8865e-inner-blocks\">\n<div class=\"wp-block-stackable-heading stk-block-heading stk-block-heading--v2 stk-block stk-4ead935\" id=\"h\u1ecdc-t\u1eadp-va-phat-tri\u1ec3n\" data-block-id=\"4ead935\"><style>.stk-4ead935 {margin-bottom:20px !important;}.stk-4ead935 .stk-block-heading__text{font-size:25px !important;}@media screen and (max-width:999px){.stk-4ead935 .stk-block-heading__text{font-size:25px !important;}}<\/style><h2 class=\"stk-block-heading__text\">H\u1ecdc t\u1eadp v\u00e0 ph\u00e1t tri\u1ec3n<\/h2><\/div>\n\n\n\n<div class=\"wp-block-stackable-columns stk-block-columns stk-block stk-84cd38e\" data-block-id=\"84cd38e\"><style>.stk-84cd38e-column{--stk-column-gap:30px !important;row-gap:30px !important;}<\/style><div class=\"stk-row stk-inner-blocks stk-block-content stk-content-align stk-84cd38e-column\">\n<div class=\"wp-block-stackable-column stk-block-column stk-column stk-block stk-673b59e\" data-v=\"4\" data-block-id=\"673b59e\"><style>.stk-673b59e-container{margin-top:0px !important;margin-right:0px !important;margin-bottom:0px !important;margin-left:0px !important;}<\/style><div class=\"stk-column-wrapper stk-block-column__content stk-container stk-673b59e-container stk--no-background stk--no-padding\"><div class=\"stk-block-content stk-inner-blocks stk-673b59e-inner-blocks\">\n<ul class=\"wp-block-list\">\n<li><strong>Tinh th\u1ea7n h\u1ecdc h\u1ecfi:<\/strong> Khuy\u1ebfn kh\u00edch s\u1ef1 t\u00f2 m\u00f2, ham h\u1ecdc h\u1ecfi v\u00e0 tinh th\u1ea7n h\u1ecdc t\u1eadp su\u1ed1t \u0111\u1eddi.<\/li>\n\n\n\n<li><strong>S\u1ef1 xu\u1ea5t s\u1eafc:<\/strong> N\u1ed7 l\u1ef1c \u0111\u1ea1t \u0111\u01b0\u1ee3c th\u00e0nh t\u00edch cao trong h\u1ecdc t\u1eadp, nghi\u00ean c\u1ee9u v\u00e0 c\u00e1c ho\u1ea1t \u0111\u1ed9ng kh\u00e1c.<\/li>\n\n\n\n<li><strong>S\u1ef1 s\u00e1ng t\u1ea1o:<\/strong> Khuy\u1ebfn kh\u00edch t\u01b0 duy s\u00e1ng t\u1ea1o, \u0111\u1ed5i m\u1edbi v\u00e0 kh\u1ea3 n\u0103ng gi\u1ea3i quy\u1ebft v\u1ea5n \u0111\u1ec1.<\/li>\n\n\n\n<li><strong>Ph\u00e1t tri\u1ec3n to\u00e0n di\u1ec7n:<\/strong> Ch\u00fa tr\u1ecdng ph\u00e1t tri\u1ec3n c\u1ea3 ki\u1ebfn th\u1ee9c, k\u1ef9 n\u0103ng, th\u1ec3 ch\u1ea5t v\u00e0 tinh th\u1ea7n c\u1ee7a h\u1ecdc sinh.<\/li>\n<\/ul>\n<\/div><\/div><\/div>\n<\/div><\/div>\n\n\n\n<div class=\"wp-block-stackable-heading stk-block-heading stk-block-heading--v2 stk-block stk-e19cda5\" id=\"d\u1ea1o-d\u1ee9c-va-trach-nhi\u1ec7m\" data-block-id=\"e19cda5\"><style>.stk-e19cda5 {margin-bottom:20px !important;}.stk-e19cda5 .stk-block-heading__text{font-size:25px !important;}@media screen and (max-width:999px){.stk-e19cda5 .stk-block-heading__text{font-size:25px !important;}}<\/style><h2 class=\"stk-block-heading__text\">\u0110\u1ea1o \u0111\u1ee9c v\u00e0 tr\u00e1ch nhi\u1ec7m<\/h2><\/div>\n\n\n\n<ul class=\"wp-block-list\">\n<li><strong>Trung th\u1ef1c:<\/strong> \u0110\u1ec1 cao t\u00ednh trung th\u1ef1c, li\u00eam ch\u00ednh v\u00e0 tr\u00e1ch nhi\u1ec7m trong m\u1ecdi h\u00e0nh \u0111\u1ed9ng.<\/li>\n\n\n\n<li><strong>T\u00f4n tr\u1ecdng:<\/strong> T\u00f4n tr\u1ecdng s\u1ef1 kh\u00e1c bi\u1ec7t, \u0111a d\u1ea1ng v\u00e0 quy\u1ec1n c\u1ee7a m\u1ed7i c\u00e1 nh\u00e2n.<\/li>\n\n\n\n<li><strong>Tr\u00e1ch nhi\u1ec7m:<\/strong> Gi\u00e1o d\u1ee5c h\u1ecdc sinh \u00fd th\u1ee9c tr\u00e1ch nhi\u1ec7m v\u1edbi b\u1ea3n th\u00e2n, gia \u0111\u00ecnh, nh\u00e0 tr\u01b0\u1eddng v\u00e0 x\u00e3 h\u1ed9i.<\/li>\n\n\n\n<li><strong>L\u00f2ng nh\u00e2n \u00e1i:<\/strong> Khuy\u1ebfn kh\u00edch s\u1ef1 y\u00eau th\u01b0\u01a1ng, chia s\u1ebb v\u00e0 gi\u00fap \u0111\u1ee1 ng\u01b0\u1eddi kh\u00e1c.<\/li>\n<\/ul>\n\n\n\n<div class=\"wp-block-stackable-heading stk-block-heading stk-block-heading--v2 stk-block stk-b457358\" id=\"h\u1ee3p-tac-va-c\u1ed9ng-d\u1ed3ng\" data-block-id=\"b457358\"><style>.stk-b457358 {margin-bottom:20px !important;}.stk-b457358 .stk-block-heading__text{font-size:25px !important;}@media screen and (max-width:999px){.stk-b457358 .stk-block-heading__text{font-size:25px !important;}}<\/style><h2 class=\"stk-block-heading__text\">H\u1ee3p t\u00e1c v\u00e0 c\u1ed9ng \u0111\u1ed3ng<\/h2><\/div>\n\n\n\n<ul class=\"wp-block-list\">\n<li><strong>Tinh th\u1ea7n h\u1ee3p t\u00e1c:<\/strong> X\u00e2y d\u1ef1ng m\u00f4i tr\u01b0\u1eddng h\u1ecdc t\u1eadp v\u00e0 l\u00e0m vi\u1ec7c d\u1ef1a tr\u00ean s\u1ef1 h\u1ee3p t\u00e1c, chia s\u1ebb v\u00e0 h\u1ed7 tr\u1ee3 l\u1eabn nhau. <\/li>\n\n\n\n<li><strong>G\u1eafn k\u1ebft c\u1ed9ng \u0111\u1ed3ng:<\/strong> K\u1ebft n\u1ed1i v\u00e0 h\u1ee3p t\u00e1c v\u1edbi gia \u0111\u00ecnh, c\u1ed9ng \u0111\u1ed3ng v\u00e0 c\u00e1c t\u1ed5 ch\u1ee9c kh\u00e1c \u0111\u1ec3 n\u00e2ng cao ch\u1ea5t l\u01b0\u1ee3ng gi\u00e1o d\u1ee5c. <\/li>\n\n\n\n<li><strong>H\u1ed9i nh\u1eadp qu\u1ed1c t\u1ebf:<\/strong> M\u1edf r\u1ed9ng quan h\u1ec7 h\u1ee3p t\u00e1c qu\u1ed1c t\u1ebf, t\u1ea1o \u0111i\u1ec1u ki\u1ec7n cho h\u1ecdc sinh ti\u1ebfp c\u1eadn v\u1edbi n\u1ec1n gi\u00e1o d\u1ee5c ti\u00ean ti\u1ebfn tr\u00ean th\u1ebf gi\u1edbi.<\/li>\n<\/ul>\n<\/div><\/div><\/div>\n<\/div><\/div>\n","protected":false},"excerpt":{"rendered":"<p>H\u1ecdc t\u1eadp v\u00e0 ph\u00e1t tri\u1ec3n \u0110\u1ea1o \u0111\u1ee9c v\u00e0 tr\u00e1ch nhi\u1ec7m H\u1ee3p t\u00e1c v\u00e0 c\u1ed9ng \u0111\u1ed3ng<\/p>\n","protected":false},"author":4,"featured_media":0,"parent":0,"menu_order":0,"comment_status":"closed","ping_status":"closed","template":"","meta":{"_gspb_post_css":"","footnotes":""},"class_list":["post-688","page","type-page","status-publish","hentry"],"blocksy_meta":[],"_links":{"self":[{"href":"https:\/\/web.webio.vn\/50\/wp-json\/wp\/v2\/pages\/688","targetHints":{"allow":["GET"]}}],"collection":[{"href":"https:\/\/web.webio.vn\/50\/wp-json\/wp\/v2\/pages"}],"about":[{"href":"https:\/\/web.webio.vn\/50\/wp-json\/wp\/v2\/types\/page"}],"author":[{"embeddable":true,"href":"https:\/\/web.webio.vn\/50\/wp-json\/wp\/v2\/users\/4"}],"replies":[{"embeddable":true,"href":"https:\/\/web.webio.vn\/50\/wp-json\/wp\/v2\/comments?post=688"}],"version-history":[{"count":4,"href":"https:\/\/web.webio.vn\/50\/wp-json\/wp\/v2\/pages\/688\/revisions"}],"predecessor-version":[{"id":773,"href":"https:\/\/web.webio.vn\/50\/wp-json\/wp\/v2\/pages\/688\/revisions\/773"}],"wp:attachment":[{"href":"https:\/\/web.webio.vn\/50\/wp-json\/wp\/v2\/media?parent=688"}],"curies":[{"name":"wp","href":"https:\/\/api.w.org\/{rel}","templated":true}]}}