{"id":690,"date":"2025-03-23T02:47:31","date_gmt":"2025-03-23T02:47:31","guid":{"rendered":"https:\/\/web.webio.vn\/50\/?page_id=690"},"modified":"2025-03-23T07:46:04","modified_gmt":"2025-03-23T07:46:04","slug":"co-so-vat-chat","status":"publish","type":"page","link":"https:\/\/web.webio.vn\/50\/co-so-vat-chat\/","title":{"rendered":"C\u01a1 s\u1edf v\u1eadt ch\u1ea5t"},"content":{"rendered":"\n<p><strong>C\u01a1 s\u1edf v\u1eadt ch\u1ea5t hi\u1ec7n \u0111\u1ea1i, \u0111\u00e1p \u1ee9ng ti\u00eau chu\u1ea9n qu\u1ed1c t\u1ebf<\/strong><\/p>\n\n\n\n<p>T\u1ea1i [T\u00ean tr\u01b0\u1eddng\/t\u1ed5 ch\u1ee9c], ch\u00fang t\u00f4i hi\u1ec3u r\u1eb1ng c\u01a1 s\u1edf v\u1eadt ch\u1ea5t \u0111\u00f3ng vai tr\u00f2 quan tr\u1ecdng trong vi\u1ec7c t\u1ea1o ra m\u00f4i tr\u01b0\u1eddng h\u1ecdc t\u1eadp\/l\u00e0m vi\u1ec7c hi\u1ec7u qu\u1ea3 v\u00e0 tho\u1ea3i m\u00e1i. V\u00ec v\u1eady, ch\u00fang t\u00f4i lu\u00f4n ch\u00fa tr\u1ecdng \u0111\u1ea7u t\u01b0 x\u00e2y d\u1ef1ng v\u00e0 n\u00e2ng c\u1ea5p c\u01a1 s\u1edf v\u1eadt ch\u1ea5t hi\u1ec7n \u0111\u1ea1i, \u0111\u00e1p \u1ee9ng c\u00e1c ti\u00eau chu\u1ea9n qu\u1ed1c t\u1ebf.<\/p>\n\n\n\n<p><strong>1. Ph\u00f2ng h\u1ecdc\/ph\u00f2ng l\u00e0m vi\u1ec7c:<\/strong><\/p>\n\n\n\n<ul class=\"wp-block-list\">\n<li>Ph\u00f2ng h\u1ecdc\/ph\u00f2ng l\u00e0m vi\u1ec7c r\u1ed9ng r\u00e3i, tho\u00e1ng m\u00e1t, \u0111\u01b0\u1ee3c trang b\u1ecb \u0111\u1ea7y \u0111\u1ee7 c\u00e1c thi\u1ebft b\u1ecb gi\u1ea3ng d\u1ea1y\/l\u00e0m vi\u1ec7c hi\u1ec7n \u0111\u1ea1i nh\u01b0: m\u00e1y chi\u1ebfu, b\u1ea3ng t\u01b0\u01a1ng t\u00e1c, h\u1ec7 th\u1ed1ng \u00e2m thanh, \u00e1nh s\u00e1ng,&#8230;<\/li>\n\n\n\n<li>B\u00e0n gh\u1ebf \u0111\u01b0\u1ee3c thi\u1ebft k\u1ebf khoa h\u1ecdc, ph\u00f9 h\u1ee3p v\u1edbi t\u1eebng \u0111\u1ed9 tu\u1ed5i\/l\u1ee9a tu\u1ed5i, \u0111\u1ea3m b\u1ea3o s\u1ef1 tho\u1ea3i m\u00e1i cho h\u1ecdc sinh\/nh\u00e2n vi\u00ean trong su\u1ed1t qu\u00e1 tr\u00ecnh h\u1ecdc t\u1eadp\/l\u00e0m vi\u1ec7c.<\/li>\n\n\n\n<li>H\u1ec7 th\u1ed1ng \u0111i\u1ec1u h\u00f2a kh\u00f4ng kh\u00ed hi\u1ec7n \u0111\u1ea1i, \u0111\u1ea3m b\u1ea3o nhi\u1ec7t \u0111\u1ed9 ph\u00f9 h\u1ee3p trong m\u1ecdi \u0111i\u1ec1u ki\u1ec7n th\u1eddi ti\u1ebft.<\/li>\n<\/ul>\n\n\n\n<p><strong>2. Th\u01b0 vi\u1ec7n:<\/strong><\/p>\n\n\n\n<ul class=\"wp-block-list\">\n<li>Th\u01b0 vi\u1ec7n r\u1ed9ng l\u1edbn, v\u1edbi h\u00e0ng ng\u00e0n \u0111\u1ea7u s\u00e1ch, b\u00e1o, t\u1ea1p ch\u00ed, t\u00e0i li\u1ec7u tham kh\u1ea3o \u0111a d\u1ea1ng, phong ph\u00fa.<\/li>\n\n\n\n<li>Kh\u00f4ng gian \u0111\u1ecdc s\u00e1ch y\u00ean t\u0129nh, tho\u00e1ng \u0111\u00e3ng, t\u1ea1o \u0111i\u1ec1u ki\u1ec7n thu\u1eadn l\u1ee3i cho vi\u1ec7c h\u1ecdc t\u1eadp v\u00e0 nghi\u00ean c\u1ee9u.<\/li>\n\n\n\n<li>H\u1ec7 th\u1ed1ng m\u00e1y t\u00ednh k\u1ebft n\u1ed1i internet, gi\u00fap h\u1ecdc sinh\/nh\u00e2n vi\u00ean d\u1ec5 d\u00e0ng truy c\u1eadp th\u00f4ng tin v\u00e0 t\u00e0i li\u1ec7u tr\u1ef1c tuy\u1ebfn.<\/li>\n<\/ul>\n\n\n\n<p><strong>3. Ph\u00f2ng th\u00ed nghi\u1ec7m\/ph\u00f2ng th\u1ef1c h\u00e0nh:<\/strong><\/p>\n\n\n\n<ul class=\"wp-block-list\">\n<li>Ph\u00f2ng th\u00ed nghi\u1ec7m\/ph\u00f2ng th\u1ef1c h\u00e0nh \u0111\u01b0\u1ee3c trang b\u1ecb \u0111\u1ea7y \u0111\u1ee7 c\u00e1c thi\u1ebft b\u1ecb, d\u1ee5ng c\u1ee5 hi\u1ec7n \u0111\u1ea1i, ph\u1ee5c v\u1ee5 cho vi\u1ec7c h\u1ecdc t\u1eadp v\u00e0 nghi\u00ean c\u1ee9u c\u00e1c m\u00f4n khoa h\u1ecdc t\u1ef1 nhi\u00ean, k\u1ef9 thu\u1eadt,&#8230;<\/li>\n\n\n\n<li>Kh\u00f4ng gian th\u1ef1c h\u00e0nh r\u1ed9ng r\u00e3i, \u0111\u1ea3m b\u1ea3o an to\u00e0n cho h\u1ecdc sinh\/nh\u00e2n vi\u00ean trong qu\u00e1 tr\u00ecnh th\u00ed nghi\u1ec7m.<\/li>\n<\/ul>\n\n\n\n<p><strong>4. Khu th\u1ec3 thao:<\/strong><\/p>\n\n\n\n<ul class=\"wp-block-list\">\n<li>S\u00e2n b\u00f3ng \u0111\u00e1, s\u00e2n b\u00f3ng r\u1ed5, s\u00e2n c\u1ea7u l\u00f4ng, nh\u00e0 thi \u0111\u1ea5u \u0111a n\u0103ng,&#8230; \u0111\u00e1p \u1ee9ng nhu c\u1ea7u r\u00e8n luy\u1ec7n th\u1ec3 ch\u1ea5t c\u1ee7a h\u1ecdc sinh\/nh\u00e2n vi\u00ean.<\/li>\n\n\n\n<li>C\u00e1c thi\u1ebft b\u1ecb th\u1ec3 thao hi\u1ec7n \u0111\u1ea1i, \u0111\u1ea3m b\u1ea3o an to\u00e0n v\u00e0 hi\u1ec7u qu\u1ea3 cho vi\u1ec7c t\u1eadp luy\u1ec7n.<\/li>\n<\/ul>\n\n\n\n<p><strong>5. Canteen\/nh\u00e0 \u0103n:<\/strong><\/p>\n\n\n\n<ul class=\"wp-block-list\">\n<li>Kh\u00f4ng gian canteen\/nh\u00e0 \u0103n s\u1ea1ch s\u1ebd, tho\u00e1ng m\u00e1t, \u0111\u1ea3m b\u1ea3o v\u1ec7 sinh an to\u00e0n th\u1ef1c ph\u1ea9m.<\/li>\n\n\n\n<li>Th\u1ef1c \u0111\u01a1n \u0111a d\u1ea1ng, phong ph\u00fa, \u0111\u00e1p \u1ee9ng nhu c\u1ea7u dinh d\u01b0\u1ee1ng c\u1ee7a h\u1ecdc sinh\/nh\u00e2n vi\u00ean.<\/li>\n<\/ul>\n\n\n\n<p><strong>6. Khu\u00f4n vi\u00ean xanh m\u00e1t:<\/strong><\/p>\n\n\n\n<ul class=\"wp-block-list\">\n<li>Khu\u00f4n vi\u00ean tr\u01b0\u1eddng\/t\u1ed5 ch\u1ee9c \u0111\u01b0\u1ee3c thi\u1ebft k\u1ebf v\u1edbi nhi\u1ec1u c\u00e2y xanh, hoa l\u00e1, t\u1ea1o kh\u00f4ng gian xanh m\u00e1t, trong l\u00e0nh.<\/li>\n\n\n\n<li>C\u00e1c khu v\u1ef1c s\u00e2n ch\u01a1i, gh\u1ebf \u0111\u00e1, t\u1ea1o kh\u00f4ng gian th\u01b0 gi\u00e3n v\u00e0 giao l\u01b0u cho h\u1ecdc sinh\/nh\u00e2n vi\u00ean.<\/li>\n<\/ul>\n\n\n\n<p><strong>7. H\u1ec7 th\u1ed1ng an ninh:<\/strong><\/p>\n\n\n\n<ul class=\"wp-block-list\">\n<li>H\u1ec7 th\u1ed1ng camera gi\u00e1m s\u00e1t 24\/7, \u0111\u1ea3m b\u1ea3o an ninh cho to\u00e0n b\u1ed9 khu\u00f4n vi\u00ean tr\u01b0\u1eddng\/t\u1ed5 ch\u1ee9c.<\/li>\n\n\n\n<li>\u0110\u1ed9i ng\u0169 b\u1ea3o v\u1ec7 chuy\u00ean nghi\u1ec7p, t\u1eadn t\u00e2m.<\/li>\n<\/ul>\n\n\n\n<p><strong>Cam k\u1ebft:<\/strong><\/p>\n\n\n\n<ul class=\"wp-block-list\">\n<li>Ch\u00fang t\u00f4i cam k\u1ebft kh\u00f4ng ng\u1eebng \u0111\u1ea7u t\u01b0 v\u00e0 n\u00e2ng c\u1ea5p c\u01a1 s\u1edf v\u1eadt ch\u1ea5t, nh\u1eb1m mang \u0111\u1ebfn m\u00f4i tr\u01b0\u1eddng h\u1ecdc t\u1eadp\/l\u00e0m vi\u1ec7c t\u1ed1t nh\u1ea5t cho h\u1ecdc sinh\/nh\u00e2n vi\u00ean.<\/li>\n\n\n\n<li>Ch\u00fang t\u00f4i lu\u00f4n l\u1eafng nghe \u00fd ki\u1ebfn \u0111\u00f3ng g\u00f3p c\u1ee7a h\u1ecdc sinh\/nh\u00e2n vi\u00ean v\u00e0 ph\u1ee5 huynh, \u0111\u1ec3 c\u1ea3i thi\u1ec7n v\u00e0 ho\u00e0n thi\u1ec7n c\u01a1 s\u1edf v\u1eadt ch\u1ea5t c\u1ee7a tr\u01b0\u1eddng\/t\u1ed5 ch\u1ee9c.<\/li>\n<\/ul>\n\n\n\n<p><strong>H\u00e3y \u0111\u1ebfn v\u00e0 tr\u1ea3i nghi\u1ec7m c\u01a1 s\u1edf v\u1eadt ch\u1ea5t hi\u1ec7n \u0111\u1ea1i c\u1ee7a [T\u00ean tr\u01b0\u1eddng\/t\u1ed5 ch\u1ee9c]!<\/strong><\/p>\n","protected":false},"excerpt":{"rendered":"<p>C\u01a1 s\u1edf v\u1eadt ch\u1ea5t hi\u1ec7n \u0111\u1ea1i, \u0111\u00e1p \u1ee9ng ti\u00eau chu\u1ea9n qu\u1ed1c t\u1ebf T\u1ea1i [T\u00ean tr\u01b0\u1eddng\/t\u1ed5 ch\u1ee9c], ch\u00fang t\u00f4i hi\u1ec3u r\u1eb1ng c\u01a1 s\u1edf v\u1eadt ch\u1ea5t \u0111\u00f3ng vai tr\u00f2 quan tr\u1ecdng trong vi\u1ec7c t\u1ea1o ra m\u00f4i tr\u01b0\u1eddng h\u1ecdc t\u1eadp\/l\u00e0m vi\u1ec7c hi\u1ec7u qu\u1ea3 v\u00e0 tho\u1ea3i m\u00e1i. V\u00ec v\u1eady, ch\u00fang t\u00f4i lu\u00f4n ch\u00fa tr\u1ecdng \u0111\u1ea7u t\u01b0 x\u00e2y d\u1ef1ng v\u00e0 [&hellip;]<\/p>\n","protected":false},"author":4,"featured_media":0,"parent":0,"menu_order":0,"comment_status":"closed","ping_status":"closed","template":"","meta":{"_gspb_post_css":"","footnotes":""},"class_list":["post-690","page","type-page","status-publish","hentry"],"blocksy_meta":[],"_links":{"self":[{"href":"https:\/\/web.webio.vn\/50\/wp-json\/wp\/v2\/pages\/690","targetHints":{"allow":["GET"]}}],"collection":[{"href":"https:\/\/web.webio.vn\/50\/wp-json\/wp\/v2\/pages"}],"about":[{"href":"https:\/\/web.webio.vn\/50\/wp-json\/wp\/v2\/types\/page"}],"author":[{"embeddable":true,"href":"https:\/\/web.webio.vn\/50\/wp-json\/wp\/v2\/users\/4"}],"replies":[{"embeddable":true,"href":"https:\/\/web.webio.vn\/50\/wp-json\/wp\/v2\/comments?post=690"}],"version-history":[{"count":3,"href":"https:\/\/web.webio.vn\/50\/wp-json\/wp\/v2\/pages\/690\/revisions"}],"predecessor-version":[{"id":818,"href":"https:\/\/web.webio.vn\/50\/wp-json\/wp\/v2\/pages\/690\/revisions\/818"}],"wp:attachment":[{"href":"https:\/\/web.webio.vn\/50\/wp-json\/wp\/v2\/media?parent=690"}],"curies":[{"name":"wp","href":"https:\/\/api.w.org\/{rel}","templated":true}]}}