{"id":697,"date":"2025-03-23T02:53:15","date_gmt":"2025-03-23T02:53:15","guid":{"rendered":"https:\/\/web.webio.vn\/50\/?page_id=697"},"modified":"2025-03-23T07:44:42","modified_gmt":"2025-03-23T07:44:42","slug":"cau-hoi-thuong-gap","status":"publish","type":"page","link":"https:\/\/web.webio.vn\/50\/cau-hoi-thuong-gap\/","title":{"rendered":"C\u00e2u h\u1ecfi th\u01b0\u1eddng g\u1eb7p"},"content":{"rendered":"\n<div class=\"wp-block-greenshift-blocks-accordion gs-accordion gspb_accordion-id-gsbp-4813cb9\" id=\"gspb_accordion-id-gsbp-4813cb9\" >\n<div class=\"wp-block-greenshift-blocks-accordionitem gs-accordion-item gspb_accordionitem-gsbp-b351e27 gsopen\" id=\"gspb_accordionitem-gsbp-b351e27\" itemscope><div id=\"gs-trigger-gsbp-4813cb9-0\" class=\"gs-accordion-item__title\" aria-expanded=\"true\" role=\"button\" tabindex=\"0\" aria-controls=\"gspb-accordion-item-content-gsbp-b351e27\"><div class=\"gs-accordion-item__heading\">Tr\u01b0\u1eddng m\u00ecnh c\u00f3 nh\u1eefng ho\u1ea1t \u0111\u1ed9ng ngo\u1ea1i kh\u00f3a n\u00e0o cho h\u1ecdc sinh?<\/div><meta itemprop=\"name\" content=\"Tr\u01b0\u1eddng m\u00ecnh c\u00f3 nh\u1eefng ho\u1ea1t \u0111\u1ed9ng ngo\u1ea1i kh\u00f3a n\u00e0o cho h\u1ecdc sinh?\"\/><span class=\"iconfortoggle\"><span class=\"gs-iconbefore\"><\/span><span class=\"gs-iconafter\"><\/span><\/span><\/div><div aria-labelledby=\"gs-trigger-gsbp-4813cb9-0\" class=\"gs-accordion-item__content\" itemscope id=\"gspb-accordion-item-content-gsbp-b351e27\" aria-hidden=\"false\"><div class=\"gs-accordion-item__text\" itemprop=\"text\">\n<p>Tr\u01b0\u1eddng ch\u00fang t\u00f4i c\u00f3 r\u1ea5t nhi\u1ec1u ho\u1ea1t \u0111\u1ed9ng ngo\u1ea1i kh\u00f3a \u0111a d\u1ea1ng, bao g\u1ed3m c\u00e1c c\u00e2u l\u1ea1c b\u1ed9 th\u1ec3 thao (b\u00f3ng \u0111\u00e1, b\u00f3ng r\u1ed5, c\u1ea7u l\u00f4ng), c\u00e2u l\u1ea1c b\u1ed9 ngh\u1ec7 thu\u1eadt (\u00e2m nh\u1ea1c, h\u1ed9i h\u1ecda, k\u1ecbch ngh\u1ec7), c\u00e2u l\u1ea1c b\u1ed9 khoa h\u1ecdc (robotics, l\u1eadp tr\u00ecnh), v\u00e0 c\u00e1c ho\u1ea1t \u0111\u1ed9ng t\u00ecnh nguy\u1ec7n. Ch\u00fang t\u00f4i tin r\u1eb1ng c\u00e1c ho\u1ea1t \u0111\u1ed9ng n\u00e0y gi\u00fap h\u1ecdc sinh ph\u00e1t tri\u1ec3n to\u00e0n di\u1ec7n c\u1ea3 v\u1ec1 th\u1ec3 ch\u1ea5t l\u1eabn tinh th\u1ea7n.<\/p>\n<\/div><\/div><\/div>\n<\/div>\n\n\n\n<div class=\"wp-block-greenshift-blocks-accordion gs-accordion gspb_accordion-id-gsbp-f06960e\" id=\"gspb_accordion-id-gsbp-f06960e\" >\n<div class=\"wp-block-greenshift-blocks-accordionitem gs-accordion-item gspb_accordionitem-gsbp-38fb331 gsclose\" id=\"gspb_accordionitem-gsbp-38fb331\" itemscope><div id=\"gs-trigger-gsbp-f06960e-0\" class=\"gs-accordion-item__title\" aria-expanded=\"false\" role=\"button\" tabindex=\"0\" aria-controls=\"gspb-accordion-item-content-gsbp-38fb331\"><div class=\"gs-accordion-item__heading\">Em mu\u1ed1n tham gia c\u00e2u l\u1ea1c b\u1ed9 b\u00f3ng \u0111\u00e1, nh\u01b0ng em ch\u01b0a c\u00f3 kinh nghi\u1ec7m th\u00ec c\u00f3 \u0111\u01b0\u1ee3c kh\u00f4ng \u1ea1?<\/div><meta itemprop=\"name\" content=\"Em mu\u1ed1n tham gia c\u00e2u l\u1ea1c b\u1ed9 b\u00f3ng \u0111\u00e1, nh\u01b0ng em ch\u01b0a c\u00f3 kinh nghi\u1ec7m th\u00ec c\u00f3 \u0111\u01b0\u1ee3c kh\u00f4ng \u1ea1?\"\/><span class=\"iconfortoggle\"><span class=\"gs-iconbefore\"><\/span><span class=\"gs-iconafter\"><\/span><\/span><\/div><div aria-labelledby=\"gs-trigger-gsbp-f06960e-0\" class=\"gs-accordion-item__content\" itemscope id=\"gspb-accordion-item-content-gsbp-38fb331\" aria-hidden=\"true\"><div class=\"gs-accordion-item__text\" itemprop=\"text\">\n<p>Ch\u00e0o em, c\u00e2u l\u1ea1c b\u1ed9 b\u00f3ng \u0111\u00e1 c\u1ee7a tr\u01b0\u1eddng lu\u00f4n ch\u00e0o \u0111\u00f3n t\u1ea5t c\u1ea3 c\u00e1c b\u1ea1n h\u1ecdc sinh, kh\u00f4ng k\u1ec3 kinh nghi\u1ec7m. Ch\u00fang ta s\u1ebd c\u00f9ng nhau t\u1eadp luy\u1ec7n v\u00e0 h\u1ecdc h\u1ecfi. Quan tr\u1ecdng l\u00e0 em c\u00f3 \u0111am m\u00ea v\u00e0 tinh th\u1ea7n \u0111\u1ed3ng \u0111\u1ed9i.<\/p>\n<\/div><\/div><\/div>\n\n\n\n<div class=\"wp-block-greenshift-blocks-accordionitem gs-accordion-item gspb_accordionitem-gsbp-3d1e1f9 gsclose\" id=\"gspb_accordionitem-gsbp-3d1e1f9\" itemscope><div id=\"gs-trigger-gsbp-f06960e-1\" class=\"gs-accordion-item__title\" aria-expanded=\"false\" role=\"button\" tabindex=\"0\" aria-controls=\"gspb-accordion-item-content-gsbp-3d1e1f9\"><div class=\"gs-accordion-item__heading\">Tr\u01b0\u1eddng m\u00ecnh c\u00f3 nh\u1eefng ch\u01b0\u01a1ng tr\u00ecnh \u0111\u00e0o t\u1ea1o n\u00e2ng cao n\u00e0o cho gi\u00e1o vi\u00ean kh\u00f4ng \u1ea1?<\/div><meta itemprop=\"name\" content=\"Tr\u01b0\u1eddng m\u00ecnh c\u00f3 nh\u1eefng ch\u01b0\u01a1ng tr\u00ecnh \u0111\u00e0o t\u1ea1o n\u00e2ng cao n\u00e0o cho gi\u00e1o vi\u00ean kh\u00f4ng \u1ea1?\"\/><span class=\"iconfortoggle\"><span class=\"gs-iconbefore\"><\/span><span class=\"gs-iconafter\"><\/span><\/span><\/div><div aria-labelledby=\"gs-trigger-gsbp-f06960e-1\" class=\"gs-accordion-item__content\" itemscope id=\"gspb-accordion-item-content-gsbp-3d1e1f9\" aria-hidden=\"true\"><div class=\"gs-accordion-item__text\" itemprop=\"text\">\n<p>Nh\u00e0 tr\u01b0\u1eddng lu\u00f4n ch\u00fa tr\u1ecdng \u0111\u1ebfn vi\u1ec7c n\u00e2ng cao n\u0103ng l\u1ef1c cho \u0111\u1ed9i ng\u0169 gi\u00e1o vi\u00ean. Ch\u00fang t\u00f4i th\u01b0\u1eddng xuy\u00ean t\u1ed5 ch\u1ee9c c\u00e1c bu\u1ed5i t\u1eadp hu\u1ea5n, h\u1ed9i th\u1ea3o v\u1ec1 ph\u01b0\u01a1ng ph\u00e1p gi\u1ea3ng d\u1ea1y m\u1edbi, \u1ee9ng d\u1ee5ng c\u00f4ng ngh\u1ec7 th\u00f4ng tin trong gi\u00e1o d\u1ee5c, v\u00e0 c\u00e1c chuy\u00ean \u0111\u1ec1 v\u1ec1 t\u00e2m l\u00fd h\u1ecdc sinh.<\/p>\n<\/div><\/div><\/div>\n\n\n\n<div class=\"wp-block-greenshift-blocks-accordionitem gs-accordion-item gspb_accordionitem-gsbp-c19740f gsclose\" id=\"gspb_accordionitem-gsbp-c19740f\" itemscope><div id=\"gs-trigger-gsbp-f06960e-2\" class=\"gs-accordion-item__title\" aria-expanded=\"false\" role=\"button\" tabindex=\"0\" aria-controls=\"gspb-accordion-item-content-gsbp-c19740f\"><div class=\"gs-accordion-item__heading\">L\u00e0m th\u1ebf n\u00e0o \u0111\u1ec3 t\u00f4i c\u00f3 th\u1ec3 theo d\u00f5i \u0111\u01b0\u1ee3c t\u00ecnh h\u00ecnh h\u1ecdc t\u1eadp c\u1ee7a con m\u00ecnh \u1edf tr\u01b0\u1eddng?<\/div><meta itemprop=\"name\" content=\"L\u00e0m th\u1ebf n\u00e0o \u0111\u1ec3 t\u00f4i c\u00f3 th\u1ec3 theo d\u00f5i \u0111\u01b0\u1ee3c t\u00ecnh h\u00ecnh h\u1ecdc t\u1eadp c\u1ee7a con m\u00ecnh \u1edf tr\u01b0\u1eddng?\"\/><span class=\"iconfortoggle\"><span class=\"gs-iconbefore\"><\/span><span class=\"gs-iconafter\"><\/span><\/span><\/div><div aria-labelledby=\"gs-trigger-gsbp-f06960e-2\" class=\"gs-accordion-item__content\" itemscope id=\"gspb-accordion-item-content-gsbp-c19740f\" aria-hidden=\"true\"><div class=\"gs-accordion-item__text\" itemprop=\"text\">\n<p>Nh\u00e0 tr\u01b0\u1eddng c\u00f3 h\u1ec7 th\u1ed1ng s\u1ed5 li\u00ean l\u1ea1c \u0111i\u1ec7n t\u1eed, n\u01a1i ph\u1ee5 huynh c\u00f3 th\u1ec3 xem \u0111i\u1ec3m s\u1ed1, nh\u1eadn x\u00e9t c\u1ee7a gi\u00e1o vi\u00ean, v\u00e0 c\u00e1c th\u00f4ng b\u00e1o t\u1eeb tr\u01b0\u1eddng. Ngo\u00e0i ra, ch\u00fang t\u00f4i c\u0169ng t\u1ed5 ch\u1ee9c c\u00e1c bu\u1ed5i h\u1ecdp ph\u1ee5 huynh \u0111\u1ecbnh k\u1ef3 \u0111\u1ec3 trao \u0111\u1ed5i tr\u1ef1c ti\u1ebfp.<\/p>\n<\/div><\/div><\/div>\n\n\n\n<div class=\"wp-block-greenshift-blocks-accordionitem gs-accordion-item gspb_accordionitem-gsbp-7d188fc gsclose\" id=\"gspb_accordionitem-gsbp-7d188fc\" itemscope><div id=\"gs-trigger-gsbp-f06960e-3\" class=\"gs-accordion-item__title\" aria-expanded=\"false\" role=\"button\" tabindex=\"0\" aria-controls=\"gspb-accordion-item-content-gsbp-7d188fc\"><div class=\"gs-accordion-item__heading\">Em mu\u1ed1n tham gia c\u00e2u l\u1ea1c b\u1ed9 b\u00f3ng \u0111\u00e1, nh\u01b0ng em ch\u01b0a c\u00f3 kinh nghi\u1ec7m th\u00ec c\u00f3 \u0111\u01b0\u1ee3c kh\u00f4ng \u1ea1?<\/div><meta itemprop=\"name\" content=\"Em mu\u1ed1n tham gia c\u00e2u l\u1ea1c b\u1ed9 b\u00f3ng \u0111\u00e1, nh\u01b0ng em ch\u01b0a c\u00f3 kinh nghi\u1ec7m th\u00ec c\u00f3 \u0111\u01b0\u1ee3c kh\u00f4ng \u1ea1?\"\/><span class=\"iconfortoggle\"><span class=\"gs-iconbefore\"><\/span><span class=\"gs-iconafter\"><\/span><\/span><\/div><div aria-labelledby=\"gs-trigger-gsbp-f06960e-3\" class=\"gs-accordion-item__content\" itemscope id=\"gspb-accordion-item-content-gsbp-7d188fc\" aria-hidden=\"true\"><div class=\"gs-accordion-item__text\" itemprop=\"text\">\n<p>Ch\u00e0o em, c\u00e2u l\u1ea1c b\u1ed9 b\u00f3ng \u0111\u00e1 c\u1ee7a tr\u01b0\u1eddng lu\u00f4n ch\u00e0o \u0111\u00f3n t\u1ea5t c\u1ea3 c\u00e1c b\u1ea1n h\u1ecdc sinh, kh\u00f4ng k\u1ec3 kinh nghi\u1ec7m. Ch\u00fang ta s\u1ebd c\u00f9ng nhau t\u1eadp luy\u1ec7n v\u00e0 h\u1ecdc h\u1ecfi. Quan tr\u1ecdng l\u00e0 em c\u00f3 \u0111am m\u00ea v\u00e0 tinh th\u1ea7n \u0111\u1ed3ng \u0111\u1ed9i.<\/p>\n<\/div><\/div><\/div>\n\n\n\n<div class=\"wp-block-greenshift-blocks-accordionitem gs-accordion-item gspb_accordionitem-gsbp-c681c13 gsclose\" id=\"gspb_accordionitem-gsbp-c681c13\" itemscope><div id=\"gs-trigger-gsbp-f06960e-4\" class=\"gs-accordion-item__title\" aria-expanded=\"false\" role=\"button\" tabindex=\"0\" aria-controls=\"gspb-accordion-item-content-gsbp-c681c13\"><div class=\"gs-accordion-item__heading\">N\u1ebfu em g\u1eb7p kh\u00f3 kh\u0103n trong h\u1ecdc t\u1eadp, em c\u00f3 th\u1ec3 t\u00ecm s\u1ef1 gi\u00fap \u0111\u1ee1 t\u1eeb ai \u1ea1?<\/div><meta itemprop=\"name\" content=\"N\u1ebfu em g\u1eb7p kh\u00f3 kh\u0103n trong h\u1ecdc t\u1eadp, em c\u00f3 th\u1ec3 t\u00ecm s\u1ef1 gi\u00fap \u0111\u1ee1 t\u1eeb ai \u1ea1?\"\/><span class=\"iconfortoggle\"><span class=\"gs-iconbefore\"><\/span><span class=\"gs-iconafter\"><\/span><\/span><\/div><div aria-labelledby=\"gs-trigger-gsbp-f06960e-4\" class=\"gs-accordion-item__content\" itemscope id=\"gspb-accordion-item-content-gsbp-c681c13\" aria-hidden=\"true\"><div class=\"gs-accordion-item__text\" itemprop=\"text\">\n<p>Em c\u00f3 th\u1ec3 t\u00ecm \u0111\u1ebfn gi\u00e1o vi\u00ean b\u1ed9 m\u00f4n, gi\u00e1o vi\u00ean ch\u1ee7 nhi\u1ec7m, ho\u1eb7c c\u00e1c th\u1ea7y c\u00f4 trong t\u1ed5 t\u01b0 v\u1ea5n t\u00e2m l\u00fd c\u1ee7a tr\u01b0\u1eddng. Ch\u00fang ta lu\u00f4n s\u1eb5n s\u00e0ng l\u1eafng nghe v\u00e0 h\u1ed7 tr\u1ee3 em.<\/p>\n<\/div><\/div><\/div>\n\n\n\n<div class=\"wp-block-greenshift-blocks-accordionitem gs-accordion-item gspb_accordionitem-gsbp-57d9433 gsclose\" id=\"gspb_accordionitem-gsbp-57d9433\" itemscope><div id=\"gs-trigger-gsbp-f06960e-5\" class=\"gs-accordion-item__title\" aria-expanded=\"false\" role=\"button\" tabindex=\"0\" aria-controls=\"gspb-accordion-item-content-gsbp-57d9433\"><div class=\"gs-accordion-item__heading\">Tr\u01b0\u1eddng m\u00ecnh c\u00f3 nh\u1eefng quy \u0111\u1ecbnh n\u00e0o v\u1ec1 vi\u1ec7c s\u1eed d\u1ee5ng thi\u1ebft b\u1ecb di \u0111\u1ed9ng trong l\u1edbp h\u1ecdc?<\/div><meta itemprop=\"name\" content=\"Tr\u01b0\u1eddng m\u00ecnh c\u00f3 nh\u1eefng quy \u0111\u1ecbnh n\u00e0o v\u1ec1 vi\u1ec7c s\u1eed d\u1ee5ng thi\u1ebft b\u1ecb di \u0111\u1ed9ng trong l\u1edbp h\u1ecdc?\"\/><span class=\"iconfortoggle\"><span class=\"gs-iconbefore\"><\/span><span class=\"gs-iconafter\"><\/span><\/span><\/div><div aria-labelledby=\"gs-trigger-gsbp-f06960e-5\" class=\"gs-accordion-item__content\" itemscope id=\"gspb-accordion-item-content-gsbp-57d9433\" aria-hidden=\"true\"><div class=\"gs-accordion-item__text\" itemprop=\"text\">\n<p>Theo quy \u0111\u1ecbnh c\u1ee7a tr\u01b0\u1eddng, h\u1ecdc sinh kh\u00f4ng \u0111\u01b0\u1ee3c s\u1eed d\u1ee5ng \u0111i\u1ec7n tho\u1ea1i di \u0111\u1ed9ng trong gi\u1edd h\u1ecdc, tr\u1eeb khi c\u00f3 s\u1ef1 cho ph\u00e9p c\u1ee7a gi\u00e1o vi\u00ean cho c\u00e1c m\u1ee5c \u0111\u00edch h\u1ecdc t\u1eadp. Ch\u00fang t\u00f4i khuy\u1ebfn kh\u00edch h\u1ecdc sinh t\u1eadp trung v\u00e0o b\u00e0i gi\u1ea3ng v\u00e0 t\u01b0\u01a1ng t\u00e1c tr\u1ef1c ti\u1ebfp v\u1edbi gi\u00e1o vi\u00ean v\u00e0 b\u1ea1n b\u00e8.<\/p>\n<\/div><\/div><\/div>\n\n\n\n<div class=\"wp-block-greenshift-blocks-accordionitem gs-accordion-item gspb_accordionitem-gsbp-7035ebb gsclose\" id=\"gspb_accordionitem-gsbp-7035ebb\" itemscope><div id=\"gs-trigger-gsbp-f06960e-6\" class=\"gs-accordion-item__title\" aria-expanded=\"false\" role=\"button\" tabindex=\"0\" aria-controls=\"gspb-accordion-item-content-gsbp-7035ebb\"><div class=\"gs-accordion-item__heading\">H\u1ecdc ph\u00ed c\u1ee7a tr\u01b0\u1eddng m\u00ecnh \u0111\u01b0\u1ee3c t\u00ednh nh\u01b0 th\u1ebf n\u00e0o? C\u00f3 nh\u1eefng kho\u1ea3n ph\u00ed n\u00e0o kh\u00e1c ngo\u00e0i h\u1ecdc ph\u00ed kh\u00f4ng?<\/div><meta itemprop=\"name\" content=\"H\u1ecdc ph\u00ed c\u1ee7a tr\u01b0\u1eddng m\u00ecnh \u0111\u01b0\u1ee3c t\u00ednh nh\u01b0 th\u1ebf n\u00e0o? C\u00f3 nh\u1eefng kho\u1ea3n ph\u00ed n\u00e0o kh\u00e1c ngo\u00e0i h\u1ecdc ph\u00ed kh\u00f4ng?\"\/><span class=\"iconfortoggle\"><span class=\"gs-iconbefore\"><\/span><span class=\"gs-iconafter\"><\/span><\/span><\/div><div aria-labelledby=\"gs-trigger-gsbp-f06960e-6\" class=\"gs-accordion-item__content\" itemscope id=\"gspb-accordion-item-content-gsbp-7035ebb\" aria-hidden=\"true\"><div class=\"gs-accordion-item__text\" itemprop=\"text\">\n<p>H\u1ecdc ph\u00ed c\u1ee7a tr\u01b0\u1eddng \u0111\u01b0\u1ee3c t\u00ednh theo [c\u00e1ch t\u00ednh h\u1ecdc ph\u00ed, v\u00ed d\u1ee5: th\u00e1ng, n\u0103m, t\u00edn ch\u1ec9]. Ngo\u00e0i h\u1ecdc ph\u00ed, c\u00f2n c\u00f3 c\u00e1c kho\u1ea3n ph\u00ed kh\u00e1c nh\u01b0 ph\u00ed b\u00e1n tr\u00fa (n\u1ebfu c\u00f3), ph\u00ed ho\u1ea1t \u0111\u1ed9ng ngo\u1ea1i kh\u00f3a (t\u00f9y theo ho\u1ea1t \u0111\u1ed9ng), ph\u00ed \u0111\u1ed3ng ph\u1ee5c, v\u00e0 ph\u00ed b\u1ea3o hi\u1ec3m y t\u1ebf. T\u1ea5t c\u1ea3 c\u00e1c kho\u1ea3n ph\u00ed \u0111\u1ec1u \u0111\u01b0\u1ee3c th\u00f4ng b\u00e1o r\u00f5 r\u00e0ng trong th\u00f4ng b\u00e1o tuy\u1ec3n sinh v\u00e0 tr\u00ean website c\u1ee7a tr\u01b0\u1eddng.<\/p>\n<\/div><\/div><\/div>\n<\/div>\n","protected":false},"excerpt":{"rendered":"","protected":false},"author":4,"featured_media":0,"parent":0,"menu_order":0,"comment_status":"closed","ping_status":"closed","template":"","meta":{"_gspb_post_css":"#gspb_accordion-id-gsbp-4813cb9 .gs-accordion-item.gsclose>.gs-accordion-item__content{overflow:hidden;opacity:0}#gspb_accordion-id-gsbp-4813cb9 .gs-accordion-item.gsopen>.gs-accordion-item__content{opacity:1;max-height:5000px}#gspb_accordion-id-gsbp-4813cb9 .gs-accordion-item>.gs-accordion-item__title>.gs-accordion-item__heading{outline:0;text-decoration:none;margin:0!important;padding:0!important;flex-grow:1}#gspb_accordion-id-gsbp-4813cb9 .gs-accordion-item>.gs-accordion-item__title{z-index:1;margin:0;cursor:pointer;transition:all .3s ease-in-out;position:relative;display:flex;justify-content:space-between;align-items:center;flex-wrap:nowrap}#gspb_accordion-id-gsbp-4813cb9 .gs-accordion-item>.gs-accordion-item__content{z-index:0;position:relative;max-height:0;will-change:max-height;transition:all .25s ease-out}#gspb_accordion-id-gsbp-4813cb9 .gs-accordion-item>.gs-accordion-item__title{background-color:#f9f9f9;border-style:solid;border-width:1px;border-color:#00000012}#gspb_accordion-id-gsbp-4813cb9 .gs-accordion-item>.gs-accordion-item__content{background-color:#fff;border-style:solid;border-width:1px;border-color:#00000000 #00000012 #00000012}#gspb_accordion-id-gsbp-4813cb9 .gs-accordion-item,#gspb_accordion-id-gsbp-f06960e .gs-accordion-item{margin-bottom:10px}#gspb_accordion-id-gsbp-4813cb9 .gs-accordion-item>.gs-accordion-item__content>.gs-accordion-item__text,#gspb_accordion-id-gsbp-4813cb9 .gs-accordion-item>.gs-accordion-item__title{padding:15px 20px}.gs-accordion .gs-accordion-item.gsopen .gs-accordion-item__title .gs-iconafter{transform:rotate(0)}#gspb_accordion-id-gsbp-f06960e .gs-accordion-item.gsclose>.gs-accordion-item__content{overflow:hidden;opacity:0}#gspb_accordion-id-gsbp-f06960e .gs-accordion-item.gsopen>.gs-accordion-item__content{opacity:1;max-height:5000px}#gspb_accordion-id-gsbp-f06960e .gs-accordion-item>.gs-accordion-item__title>.gs-accordion-item__heading{outline:0;text-decoration:none;margin:0!important;padding:0!important;flex-grow:1}#gspb_accordion-id-gsbp-f06960e .gs-accordion-item>.gs-accordion-item__title{z-index:1;margin:0;cursor:pointer;transition:all .3s ease-in-out;position:relative;display:flex;justify-content:space-between;align-items:center;flex-wrap:nowrap}#gspb_accordion-id-gsbp-f06960e .gs-accordion-item>.gs-accordion-item__content{z-index:0;position:relative;max-height:0;will-change:max-height;transition:all .25s ease-out}#gspb_accordion-id-gsbp-f06960e .gs-accordion-item>.gs-accordion-item__title{background-color:#f9f9f9;border-style:solid;border-width:1px;border-color:#00000012}#gspb_accordion-id-gsbp-f06960e .gs-accordion-item>.gs-accordion-item__content{background-color:#fff;border-style:solid;border-width:1px;border-color:#00000000 #00000012 #00000012}#gspb_accordion-id-gsbp-4813cb9 .gs-accordion-item>.gs-accordion-item__title span.iconfortoggle,#gspb_accordion-id-gsbp-f06960e .gs-accordion-item>.gs-accordion-item__title span.iconfortoggle{margin-left:15px;display:inline-block;height:14px;width:14px;position:relative}#gspb_accordion-id-gsbp-f06960e .gs-accordion-item>.gs-accordion-item__content>.gs-accordion-item__text,#gspb_accordion-id-gsbp-f06960e .gs-accordion-item>.gs-accordion-item__title{padding:15px 20px}.gs-accordion .gs-accordion-item__title span.iconfortoggle .gs-iconafter,.gs-accordion .gs-accordion-item__title span.iconfortoggle .gs-iconbefore{content:'';width:14px;height:2px;border-radius:2px;background-color:#111;position:absolute;top:6px;left:0}.gs-accordion .gs-accordion-item__title span.iconfortoggle .gs-iconafter{transform:rotate(90deg);transition:all .3s ease-in-out}","footnotes":""},"class_list":["post-697","page","type-page","status-publish","hentry"],"blocksy_meta":[],"_links":{"self":[{"href":"https:\/\/web.webio.vn\/50\/wp-json\/wp\/v2\/pages\/697","targetHints":{"allow":["GET"]}}],"collection":[{"href":"https:\/\/web.webio.vn\/50\/wp-json\/wp\/v2\/pages"}],"about":[{"href":"https:\/\/web.webio.vn\/50\/wp-json\/wp\/v2\/types\/page"}],"author":[{"embeddable":true,"href":"https:\/\/web.webio.vn\/50\/wp-json\/wp\/v2\/users\/4"}],"replies":[{"embeddable":true,"href":"https:\/\/web.webio.vn\/50\/wp-json\/wp\/v2\/comments?post=697"}],"version-history":[{"count":4,"href":"https:\/\/web.webio.vn\/50\/wp-json\/wp\/v2\/pages\/697\/revisions"}],"predecessor-version":[{"id":816,"href":"https:\/\/web.webio.vn\/50\/wp-json\/wp\/v2\/pages\/697\/revisions\/816"}],"wp:attachment":[{"href":"https:\/\/web.webio.vn\/50\/wp-json\/wp\/v2\/media?parent=697"}],"curies":[{"name":"wp","href":"https:\/\/api.w.org\/{rel}","templated":true}]}}