{"id":703,"date":"2025-03-23T02:54:29","date_gmt":"2025-03-23T02:54:29","guid":{"rendered":"https:\/\/web.webio.vn\/50\/?page_id=703"},"modified":"2025-03-23T07:39:24","modified_gmt":"2025-03-23T07:39:24","slug":"tu-van-tam-ly","status":"publish","type":"page","link":"https:\/\/web.webio.vn\/50\/tu-van-tam-ly\/","title":{"rendered":"T\u01b0 v\u1ea5n t\u00e2m l\u00fd"},"content":{"rendered":"\n<p>D\u1ecbch v\u1ee5 &#8220;T\u01b0 v\u1ea5n t\u00e2m l\u00fd&#8221; t\u1ea1i tr\u01b0\u1eddng h\u1ecdc \u0111\u00f3ng vai tr\u00f2 then ch\u1ed1t trong vi\u1ec7c h\u1ed7 tr\u1ee3 h\u1ecdc sinh ph\u00e1t tri\u1ec3n to\u00e0n di\u1ec7n, kh\u00f4ng ch\u1ec9 v\u1ec1 m\u1eb7t h\u1ecdc thu\u1eadt m\u00e0 c\u00f2n v\u1ec1 m\u1eb7t c\u1ea3m x\u00fac v\u00e0 x\u00e3 h\u1ed9i. Trong m\u00f4i tr\u01b0\u1eddng h\u1ecdc \u0111\u01b0\u1eddng \u0111\u1ea7y \u00e1p l\u1ef1c, h\u1ecdc sinh th\u01b0\u1eddng ph\u1ea3i \u0111\u1ed1i m\u1eb7t v\u1edbi nhi\u1ec1u th\u00e1ch th\u1ee9c nh\u01b0 \u00e1p l\u1ef1c h\u1ecdc t\u1eadp, m\u1ed1i quan h\u1ec7 b\u1ea1n b\u00e8, gia \u0111\u00ecnh, v\u00e0 nh\u1eefng thay \u0111\u1ed5i t\u00e2m sinh l\u00fd tu\u1ed5i d\u1eady th\u00ec. D\u1ecbch v\u1ee5 t\u01b0 v\u1ea5n t\u00e2m l\u00fd cung c\u1ea5p m\u1ed9t kh\u00f4ng gian an to\u00e0n v\u00e0 tin c\u1eady, n\u01a1i h\u1ecdc sinh c\u00f3 th\u1ec3 chia s\u1ebb nh\u1eefng kh\u00f3 kh\u0103n, lo l\u1eafng v\u00e0 \u0111\u01b0\u1ee3c h\u1ed7 tr\u1ee3 \u0111\u1ec3 v\u01b0\u1ee3t qua ch\u00fang.<\/p>\n\n\n\n<p>C\u00e1c chuy\u00ean gia t\u01b0 v\u1ea5n t\u00e2m l\u00fd t\u1ea1i tr\u01b0\u1eddng h\u1ecdc kh\u00f4ng ch\u1ec9 l\u1eafng nghe v\u00e0 th\u1ea5u hi\u1ec3u, m\u00e0 c\u00f2n trang b\u1ecb cho h\u1ecdc sinh nh\u1eefng k\u1ef9 n\u0103ng c\u1ea7n thi\u1ebft \u0111\u1ec3 qu\u1ea3n l\u00fd c\u1ea3m x\u00fac, gi\u1ea3i quy\u1ebft v\u1ea5n \u0111\u1ec1 v\u00e0 x\u00e2y d\u1ef1ng c\u00e1c m\u1ed1i quan h\u1ec7 l\u00e0nh m\u1ea1nh. H\u1ecd gi\u00fap h\u1ecdc sinh nh\u1eadn di\u1ec7n v\u00e0 \u0111\u1ed1i ph\u00f3 v\u1edbi c\u00e1c v\u1ea5n \u0111\u1ec1 t\u00e2m l\u00fd nh\u01b0 lo \u00e2u, tr\u1ea7m c\u1ea3m, b\u1eaft n\u1ea1t h\u1ecdc \u0111\u01b0\u1eddng, v\u00e0 c\u00e1c v\u1ea5n \u0111\u1ec1 li\u00ean quan \u0111\u1ebfn t\u1ef1 ti ho\u1eb7c thi\u1ebfu t\u1ef1 tin. Ngo\u00e0i ra, d\u1ecbch v\u1ee5 t\u01b0 v\u1ea5n t\u00e2m l\u00fd c\u00f2n h\u1ed7 tr\u1ee3 h\u1ecdc sinh trong vi\u1ec7c \u0111\u1ecbnh h\u01b0\u1edbng ngh\u1ec1 nghi\u1ec7p, ph\u00e1t tri\u1ec3n k\u1ef9 n\u0103ng x\u00e3 h\u1ed9i v\u00e0 x\u00e2y d\u1ef1ng k\u1ebf ho\u1ea1ch h\u1ecdc t\u1eadp hi\u1ec7u qu\u1ea3.<\/p>\n\n\n\n<p>S\u1ef1 hi\u1ec7n di\u1ec7n c\u1ee7a d\u1ecbch v\u1ee5 t\u01b0 v\u1ea5n t\u00e2m l\u00fd t\u1ea1i tr\u01b0\u1eddng h\u1ecdc kh\u00f4ng ch\u1ec9 mang l\u1ea1i l\u1ee3i \u00edch cho h\u1ecdc sinh m\u00e0 c\u00f2n t\u1ea1o ra m\u1ed9t m\u00f4i tr\u01b0\u1eddng h\u1ecdc t\u1eadp t\u00edch c\u1ef1c v\u00e0 h\u1ed7 tr\u1ee3. Khi h\u1ecdc sinh \u0111\u01b0\u1ee3c trang b\u1ecb nh\u1eefng c\u00f4ng c\u1ee5 v\u00e0 k\u1ef9 n\u0103ng \u0111\u1ec3 qu\u1ea3n l\u00fd c\u1ea3m x\u00fac v\u00e0 \u0111\u1ed1i ph\u00f3 v\u1edbi kh\u00f3 kh\u0103n, h\u1ecd s\u1ebd t\u1ef1 tin h\u01a1n, t\u1eadp trung h\u01a1n v\u00e0o vi\u1ec7c h\u1ecdc t\u1eadp v\u00e0 ph\u00e1t tri\u1ec3n c\u00e1 nh\u00e2n. \u0110i\u1ec1u n\u00e0y g\u00f3p ph\u1ea7n x\u00e2y d\u1ef1ng m\u1ed9t c\u1ed9ng \u0111\u1ed3ng h\u1ecdc \u0111\u01b0\u1eddng l\u00e0nh m\u1ea1nh, n\u01a1i m\u1ecdi h\u1ecdc sinh \u0111\u1ec1u c\u00f3 c\u01a1 h\u1ed9i ph\u00e1t tri\u1ec3n t\u1ed1i \u0111a ti\u1ec1m n\u0103ng c\u1ee7a m\u00ecnh.<\/p>\n","protected":false},"excerpt":{"rendered":"<p>D\u1ecbch v\u1ee5 &#8220;T\u01b0 v\u1ea5n t\u00e2m l\u00fd&#8221; t\u1ea1i tr\u01b0\u1eddng h\u1ecdc \u0111\u00f3ng vai tr\u00f2 then ch\u1ed1t trong vi\u1ec7c h\u1ed7 tr\u1ee3 h\u1ecdc sinh ph\u00e1t tri\u1ec3n to\u00e0n di\u1ec7n, kh\u00f4ng ch\u1ec9 v\u1ec1 m\u1eb7t h\u1ecdc thu\u1eadt m\u00e0 c\u00f2n v\u1ec1 m\u1eb7t c\u1ea3m x\u00fac v\u00e0 x\u00e3 h\u1ed9i. Trong m\u00f4i tr\u01b0\u1eddng h\u1ecdc \u0111\u01b0\u1eddng \u0111\u1ea7y \u00e1p l\u1ef1c, h\u1ecdc sinh th\u01b0\u1eddng ph\u1ea3i \u0111\u1ed1i m\u1eb7t v\u1edbi nhi\u1ec1u [&hellip;]<\/p>\n","protected":false},"author":4,"featured_media":0,"parent":0,"menu_order":0,"comment_status":"closed","ping_status":"closed","template":"","meta":{"_gspb_post_css":"","footnotes":""},"class_list":["post-703","page","type-page","status-publish","hentry"],"blocksy_meta":[],"_links":{"self":[{"href":"https:\/\/web.webio.vn\/50\/wp-json\/wp\/v2\/pages\/703","targetHints":{"allow":["GET"]}}],"collection":[{"href":"https:\/\/web.webio.vn\/50\/wp-json\/wp\/v2\/pages"}],"about":[{"href":"https:\/\/web.webio.vn\/50\/wp-json\/wp\/v2\/types\/page"}],"author":[{"embeddable":true,"href":"https:\/\/web.webio.vn\/50\/wp-json\/wp\/v2\/users\/4"}],"replies":[{"embeddable":true,"href":"https:\/\/web.webio.vn\/50\/wp-json\/wp\/v2\/comments?post=703"}],"version-history":[{"count":2,"href":"https:\/\/web.webio.vn\/50\/wp-json\/wp\/v2\/pages\/703\/revisions"}],"predecessor-version":[{"id":808,"href":"https:\/\/web.webio.vn\/50\/wp-json\/wp\/v2\/pages\/703\/revisions\/808"}],"wp:attachment":[{"href":"https:\/\/web.webio.vn\/50\/wp-json\/wp\/v2\/media?parent=703"}],"curies":[{"name":"wp","href":"https:\/\/api.w.org\/{rel}","templated":true}]}}